{"id":43,"date":"2022-12-20T14:50:15","date_gmt":"2022-12-20T14:50:15","guid":{"rendered":"https:\/\/braganza.belovedfilabrasileiro.com\/?page_id=43"},"modified":"2025-08-13T15:41:54","modified_gmt":"2025-08-13T13:41:54","slug":"fila-brasileiro","status":"publish","type":"page","link":"https:\/\/braganza.belovedfilabrasileiro.com\/en\/fila-brasileiro\/","title":{"rendered":"Fila brasileiro"},"content":{"rendered":"<div data-elementor-type=\"wp-page\" data-elementor-id=\"43\" class=\"elementor elementor-43\" data-elementor-post-type=\"page\">\n\t\t\t\t\t\t<section class=\"elementor-section elementor-top-section elementor-element elementor-element-f492d2f elementor-section-full_width elementor-section-height-default elementor-section-height-default\" data-id=\"f492d2f\" data-element_type=\"section\" data-e-type=\"section\">\n\t\t\t\t\t\t<div class=\"elementor-container elementor-column-gap-default\">\n\t\t\t\t\t<div class=\"elementor-column elementor-col-100 elementor-top-column elementor-element elementor-element-2c654d2\" data-id=\"2c654d2\" data-element_type=\"column\" data-e-type=\"column\">\n\t\t\t<div class=\"elementor-widget-wrap elementor-element-populated\">\n\t\t\t\t\t\t<div class=\"elementor-element elementor-element-215f300 elementor-widget elementor-widget-heading\" data-id=\"215f300\" data-element_type=\"widget\" data-e-type=\"widget\" data-widget_type=\"heading.default\">\n\t\t\t\t<div class=\"elementor-widget-container\">\n\t\t\t\t\t<h2 class=\"elementor-heading-title elementor-size-default\">The Fila Brasileiro dogbreed<\/h2>\t\t\t\t<\/div>\n\t\t\t\t<\/div>\n\t\t\t\t\t<\/div>\n\t\t<\/div>\n\t\t\t\t\t<\/div>\n\t\t<\/section>\n\t\t\t\t<section class=\"elementor-section elementor-top-section elementor-element elementor-element-576b3bb elementor-section-boxed elementor-section-height-default elementor-section-height-default\" data-id=\"576b3bb\" data-element_type=\"section\" data-e-type=\"section\">\n\t\t\t\t\t\t<div class=\"elementor-container elementor-column-gap-default\">\n\t\t\t\t\t<div class=\"elementor-column elementor-col-100 elementor-top-column elementor-element elementor-element-b63369b\" data-id=\"b63369b\" data-element_type=\"column\" data-e-type=\"column\">\n\t\t\t<div class=\"elementor-widget-wrap elementor-element-populated\">\n\t\t\t\t\t\t<div class=\"elementor-element elementor-element-bd92c1d elementor-widget elementor-widget-heading\" data-id=\"bd92c1d\" data-element_type=\"widget\" data-e-type=\"widget\" data-widget_type=\"heading.default\">\n\t\t\t\t<div class=\"elementor-widget-container\">\n\t\t\t\t\t<h3 class=\"elementor-heading-title elementor-size-default\">Fila Brasileiro Standard<\/h3>\t\t\t\t<\/div>\n\t\t\t\t<\/div>\n\t\t\t\t<div class=\"elementor-element elementor-element-5ba983f elementor-widget elementor-widget-image\" data-id=\"5ba983f\" data-element_type=\"widget\" data-e-type=\"widget\" data-widget_type=\"image.default\">\n\t\t\t\t<div class=\"elementor-widget-container\">\n\t\t\t\t\t\t\t\t\t\t\t\t\t\t\t<img decoding=\"async\" src=\"https:\/\/braganza.belovedfilabrasileiro.com\/wp-content\/uploads\/2023\/04\/SitaStandardSurface-AnatomyENGL.png\" title=\"Fila brasileiro standarad\" alt=\"Fila brasileiro anathomy\" loading=\"lazy\" \/>\t\t\t\t\t\t\t\t\t\t\t\t\t\t\t<\/div>\n\t\t\t\t<\/div>\n\t\t\t\t<div class=\"elementor-element elementor-element-613c945 elementor-widget elementor-widget-text-editor\" data-id=\"613c945\" data-element_type=\"widget\" data-e-type=\"widget\" data-widget_type=\"text-editor.default\">\n\t\t\t\t<div class=\"elementor-widget-container\">\n\t\t\t\t\t\t\t\t\t<p><span style=\"font-size: 16px;\">There are two standards for the fila, one adopted by the FCI and one adopted by CAFIB. The FCI (or the CBKC, formerly BKC, or Brazilian Kennel Club, since the country of the breed's owner has the right to write the breed standard) has changed it several times over the years, most recently in autumn 2016 with the following: the muzzle is slightly shorter than the skull, the body length from sternum to tailbone exceeds the height at the withers by 15%. However, the CAFIB standard has remained unchanged since it was written. The organisation was set up in 1978 with the aim of saving their beloved breed from crossbreeding with alien breeds, which almost caused the loss of the fila brasileiro. Click on the button to see the comparison table..<\/span><\/p>\t\t\t\t\t\t\t\t<\/div>\n\t\t\t\t<\/div>\n\t\t\t\t<div class=\"elementor-element elementor-element-5902a19 elementor-align-center elementor-widget elementor-widget-button\" data-id=\"5902a19\" data-element_type=\"widget\" data-e-type=\"widget\" data-widget_type=\"button.default\">\n\t\t\t\t<div class=\"elementor-widget-container\">\n\t\t\t\t\t\t\t\t\t<div class=\"elementor-button-wrapper\">\n\t\t\t\t\t<a class=\"elementor-button elementor-button-link elementor-size-sm\" href=\"https:\/\/braganza.belovedfilabrasileiro.com\/en\/fila-brasileiro\/filabrasileiro-standard-2\/\">\n\t\t\t\t\t\t<span class=\"elementor-button-content-wrapper\">\n\t\t\t\t\t\t\t\t\t<span class=\"elementor-button-text\">Read more<\/span>\n\t\t\t\t\t<\/span>\n\t\t\t\t\t<\/a>\n\t\t\t\t<\/div>\n\t\t\t\t\t\t\t\t<\/div>\n\t\t\t\t<\/div>\n\t\t\t\t\t<\/div>\n\t\t<\/div>\n\t\t\t\t\t<\/div>\n\t\t<\/section>\n\t\t\t\t<section class=\"elementor-section elementor-top-section elementor-element elementor-element-2d424d4 elementor-section-boxed elementor-section-height-default elementor-section-height-default\" data-id=\"2d424d4\" data-element_type=\"section\" data-e-type=\"section\">\n\t\t\t\t\t\t<div class=\"elementor-container elementor-column-gap-default\">\n\t\t\t\t\t<div class=\"elementor-column elementor-col-50 elementor-top-column elementor-element elementor-element-38bcf53\" data-id=\"38bcf53\" data-element_type=\"column\" data-e-type=\"column\">\n\t\t\t<div class=\"elementor-widget-wrap elementor-element-populated\">\n\t\t\t\t\t\t<div class=\"elementor-element elementor-element-e181cb8 elementor-widget elementor-widget-image\" data-id=\"e181cb8\" data-element_type=\"widget\" data-e-type=\"widget\" data-widget_type=\"image.default\">\n\t\t\t\t<div class=\"elementor-widget-container\">\n\t\t\t\t\t\t\t\t\t\t\t\t\t\t\t<img fetchpriority=\"high\" decoding=\"async\" width=\"800\" height=\"618\" src=\"https:\/\/braganza.belovedfilabrasileiro.com\/wp-content\/uploads\/2023\/03\/Parana-Joaquim-Jose-de-Miranda-.jpg\" class=\"attachment-large size-large wp-image-1993\" alt=\"A gyarmat\u00f3s\u00edt\u00f3k 1700-as \u00e9vek v\u00e9ge\" srcset=\"https:\/\/braganza.belovedfilabrasileiro.com\/wp-content\/uploads\/2023\/03\/Parana-Joaquim-Jose-de-Miranda-.jpg 800w, https:\/\/braganza.belovedfilabrasileiro.com\/wp-content\/uploads\/2023\/03\/Parana-Joaquim-Jose-de-Miranda--300x232.jpg 300w, https:\/\/braganza.belovedfilabrasileiro.com\/wp-content\/uploads\/2023\/03\/Parana-Joaquim-Jose-de-Miranda--768x593.jpg 768w\" sizes=\"(max-width: 800px) 100vw, 800px\" \/>\t\t\t\t\t\t\t\t\t\t\t\t\t\t\t<\/div>\n\t\t\t\t<\/div>\n\t\t\t\t\t<\/div>\n\t\t<\/div>\n\t\t\t\t<div class=\"elementor-column elementor-col-50 elementor-top-column elementor-element elementor-element-0cf0855\" data-id=\"0cf0855\" data-element_type=\"column\" data-e-type=\"column\">\n\t\t\t<div class=\"elementor-widget-wrap elementor-element-populated\">\n\t\t\t\t\t\t<div class=\"elementor-element elementor-element-6bdc0e9 elementor-widget elementor-widget-heading\" data-id=\"6bdc0e9\" data-element_type=\"widget\" data-e-type=\"widget\" data-widget_type=\"heading.default\">\n\t\t\t\t<div class=\"elementor-widget-container\">\n\t\t\t\t\t<h3 class=\"elementor-heading-title elementor-size-default\">Fila Brasileiro History<\/h3>\t\t\t\t<\/div>\n\t\t\t\t<\/div>\n\t\t\t\t<div class=\"elementor-element elementor-element-6775fc0 elementor-widget elementor-widget-text-editor\" data-id=\"6775fc0\" data-element_type=\"widget\" data-e-type=\"widget\" data-widget_type=\"text-editor.default\">\n\t\t\t\t<div class=\"elementor-widget-container\">\n\t\t\t\t\t\t\t\t\t<p>The history of the breed began with the discovery of Brazil (1500 by Pedro Alves Cabral). The origin of the fila is forever obscure. We do not know exactly from which breeds it may have evolved, we can only deduce from historical events and breed characteristics. The explorers and settlers who travelled there from Europe took their dogs with them and encountered conditions much harsher than those in Europe...<\/p>\t\t\t\t\t\t\t\t<\/div>\n\t\t\t\t<\/div>\n\t\t\t\t<div class=\"elementor-element elementor-element-b6cab7f elementor-align-center elementor-widget elementor-widget-button\" data-id=\"b6cab7f\" data-element_type=\"widget\" data-e-type=\"widget\" data-widget_type=\"button.default\">\n\t\t\t\t<div class=\"elementor-widget-container\">\n\t\t\t\t\t\t\t\t\t<div class=\"elementor-button-wrapper\">\n\t\t\t\t\t<a class=\"elementor-button elementor-button-link elementor-size-sm\" href=\"https:\/\/braganza.belovedfilabrasileiro.com\/en\/fila-brasileiro\/filabrasileirohistory\/\">\n\t\t\t\t\t\t<span class=\"elementor-button-content-wrapper\">\n\t\t\t\t\t\t\t\t\t<span class=\"elementor-button-text\">Read more<\/span>\n\t\t\t\t\t<\/span>\n\t\t\t\t\t<\/a>\n\t\t\t\t<\/div>\n\t\t\t\t\t\t\t\t<\/div>\n\t\t\t\t<\/div>\n\t\t\t\t\t<\/div>\n\t\t<\/div>\n\t\t\t\t\t<\/div>\n\t\t<\/section>\n\t\t\t\t<section class=\"elementor-section elementor-top-section elementor-element elementor-element-bcb2eb0 elementor-section-boxed elementor-section-height-default elementor-section-height-default\" data-id=\"bcb2eb0\" data-element_type=\"section\" data-e-type=\"section\">\n\t\t\t\t\t\t<div class=\"elementor-container elementor-column-gap-default\">\n\t\t\t\t\t<div class=\"elementor-column elementor-col-50 elementor-top-column elementor-element elementor-element-2f69478\" data-id=\"2f69478\" data-element_type=\"column\" data-e-type=\"column\">\n\t\t\t<div class=\"elementor-widget-wrap elementor-element-populated\">\n\t\t\t\t\t\t<div class=\"elementor-element elementor-element-2055396 elementor-widget elementor-widget-image\" data-id=\"2055396\" data-element_type=\"widget\" data-e-type=\"widget\" data-widget_type=\"image.default\">\n\t\t\t\t<div class=\"elementor-widget-container\">\n\t\t\t\t\t\t\t\t\t\t\t\t\t\t\t<img decoding=\"async\" width=\"1000\" height=\"667\" src=\"https:\/\/braganza.belovedfilabrasileiro.com\/wp-content\/uploads\/2023\/03\/100_9672_01.jpg\" class=\"attachment-large size-large wp-image-2224\" alt=\"Fila brasileiro bitch galloping from the front\" srcset=\"https:\/\/braganza.belovedfilabrasileiro.com\/wp-content\/uploads\/2023\/03\/100_9672_01.jpg 1000w, https:\/\/braganza.belovedfilabrasileiro.com\/wp-content\/uploads\/2023\/03\/100_9672_01-300x200.jpg 300w, https:\/\/braganza.belovedfilabrasileiro.com\/wp-content\/uploads\/2023\/03\/100_9672_01-768x512.jpg 768w\" sizes=\"(max-width: 1000px) 100vw, 1000px\" \/>\t\t\t\t\t\t\t\t\t\t\t\t\t\t\t<\/div>\n\t\t\t\t<\/div>\n\t\t\t\t\t<\/div>\n\t\t<\/div>\n\t\t\t\t<div class=\"elementor-column elementor-col-50 elementor-top-column elementor-element elementor-element-a164e55\" data-id=\"a164e55\" data-element_type=\"column\" data-e-type=\"column\">\n\t\t\t<div class=\"elementor-widget-wrap elementor-element-populated\">\n\t\t\t\t\t\t<div class=\"elementor-element elementor-element-e3be22c elementor-widget elementor-widget-heading\" data-id=\"e3be22c\" data-element_type=\"widget\" data-e-type=\"widget\" data-widget_type=\"heading.default\">\n\t\t\t\t<div class=\"elementor-widget-container\">\n\t\t\t\t\t<h3 class=\"elementor-heading-title elementor-size-default\">Fila Brasileiro Appearance<\/h3>\t\t\t\t<\/div>\n\t\t\t\t<\/div>\n\t\t\t\t<div class=\"elementor-element elementor-element-b9e933f elementor-widget elementor-widget-text-editor\" data-id=\"b9e933f\" data-element_type=\"widget\" data-e-type=\"widget\" data-widget_type=\"text-editor.default\">\n\t\t\t\t<div class=\"elementor-widget-container\">\n\t\t\t\t\t\t\t\t\t<p>The fila brasileiro is a breed of dog in the molosser family, but differs from its relatives in many ways. It bears molossoid and bloodhound characteristics, but I would like to point out that it does not resemble any of the molossoid breeds and does not resemble the bloodhound. It is somewhere in the middle, like a \"huntingmolosser\" or \"catching\" dog. Unfortunately, the FCI does not have such a classification, although it would be preferable for a better understanding of the breed...<\/p>\t\t\t\t\t\t\t\t<\/div>\n\t\t\t\t<\/div>\n\t\t\t\t<div class=\"elementor-element elementor-element-17d7fc9 elementor-align-center elementor-widget elementor-widget-button\" data-id=\"17d7fc9\" data-element_type=\"widget\" data-e-type=\"widget\" data-widget_type=\"button.default\">\n\t\t\t\t<div class=\"elementor-widget-container\">\n\t\t\t\t\t\t\t\t\t<div class=\"elementor-button-wrapper\">\n\t\t\t\t\t<a class=\"elementor-button elementor-button-link elementor-size-sm\" href=\"https:\/\/braganza.belovedfilabrasileiro.com\/en\/filabrasileiro-appearance\/\">\n\t\t\t\t\t\t<span class=\"elementor-button-content-wrapper\">\n\t\t\t\t\t\t\t\t\t<span class=\"elementor-button-text\">Read more<\/span>\n\t\t\t\t\t<\/span>\n\t\t\t\t\t<\/a>\n\t\t\t\t<\/div>\n\t\t\t\t\t\t\t\t<\/div>\n\t\t\t\t<\/div>\n\t\t\t\t\t<\/div>\n\t\t<\/div>\n\t\t\t\t\t<\/div>\n\t\t<\/section>\n\t\t\t\t<section class=\"elementor-section elementor-top-section elementor-element elementor-element-12d75ad elementor-section-boxed elementor-section-height-default elementor-section-height-default\" data-id=\"12d75ad\" data-element_type=\"section\" data-e-type=\"section\">\n\t\t\t\t\t\t<div class=\"elementor-container elementor-column-gap-default\">\n\t\t\t\t\t<div class=\"elementor-column elementor-col-50 elementor-top-column elementor-element elementor-element-15f7f15\" data-id=\"15f7f15\" data-element_type=\"column\" data-e-type=\"column\">\n\t\t\t<div class=\"elementor-widget-wrap elementor-element-populated\">\n\t\t\t\t\t\t<div class=\"elementor-element elementor-element-cda29b9 elementor-widget elementor-widget-image\" data-id=\"cda29b9\" data-element_type=\"widget\" data-e-type=\"widget\" data-widget_type=\"image.default\">\n\t\t\t\t<div class=\"elementor-widget-container\">\n\t\t\t\t\t\t\t\t\t\t\t\t\t\t\t<img decoding=\"async\" width=\"1024\" height=\"768\" src=\"https:\/\/braganza.belovedfilabrasileiro.com\/wp-content\/uploads\/2023\/03\/CaramburuSmoke1-1024x768.jpg\" class=\"attachment-large size-large wp-image-1798\" alt=\"Fila brasileiro male temperamentuma in fog\" srcset=\"https:\/\/braganza.belovedfilabrasileiro.com\/wp-content\/uploads\/2023\/03\/CaramburuSmoke1-1024x768.jpg 1024w, https:\/\/braganza.belovedfilabrasileiro.com\/wp-content\/uploads\/2023\/03\/CaramburuSmoke1-300x225.jpg 300w, https:\/\/braganza.belovedfilabrasileiro.com\/wp-content\/uploads\/2023\/03\/CaramburuSmoke1-768x576.jpg 768w, https:\/\/braganza.belovedfilabrasileiro.com\/wp-content\/uploads\/2023\/03\/CaramburuSmoke1-1536x1152.jpg 1536w, https:\/\/braganza.belovedfilabrasileiro.com\/wp-content\/uploads\/2023\/03\/CaramburuSmoke1-2048x1536.jpg 2048w\" sizes=\"(max-width: 1024px) 100vw, 1024px\" \/>\t\t\t\t\t\t\t\t\t\t\t\t\t\t\t<\/div>\n\t\t\t\t<\/div>\n\t\t\t\t\t<\/div>\n\t\t<\/div>\n\t\t\t\t<div class=\"elementor-column elementor-col-50 elementor-top-column elementor-element elementor-element-19ea3b7\" data-id=\"19ea3b7\" data-element_type=\"column\" data-e-type=\"column\">\n\t\t\t<div class=\"elementor-widget-wrap elementor-element-populated\">\n\t\t\t\t\t\t<div class=\"elementor-element elementor-element-7e7d856 elementor-widget elementor-widget-heading\" data-id=\"7e7d856\" data-element_type=\"widget\" data-e-type=\"widget\" data-widget_type=\"heading.default\">\n\t\t\t\t<div class=\"elementor-widget-container\">\n\t\t\t\t\t<h3 class=\"elementor-heading-title elementor-size-default\">Fila Brasileiro Temperament<\/h3>\t\t\t\t<\/div>\n\t\t\t\t<\/div>\n\t\t\t\t<div class=\"elementor-element elementor-element-3d4d70b elementor-widget elementor-widget-text-editor\" data-id=\"3d4d70b\" data-element_type=\"widget\" data-e-type=\"widget\" data-widget_type=\"text-editor.default\">\n\t\t\t\t<div class=\"elementor-widget-container\">\n\t\t\t\t\t\t\t\t\t<p>It is the character of the fila that sets it apart and distinguishes it from other breeds. It has a very developed protective instinct, which makes it a great guard dog. In some countries, the breed is restricted in its keeping and breeding. There is also a difference between the FCI standard and the CAFIB standard. The CAFIB one describes that \"because of its temperament, it does not allow a judge (stranger) to touch it at dog shows....<\/p>\t\t\t\t\t\t\t\t<\/div>\n\t\t\t\t<\/div>\n\t\t\t\t<div class=\"elementor-element elementor-element-4f1f001 elementor-align-center elementor-widget elementor-widget-button\" data-id=\"4f1f001\" data-element_type=\"widget\" data-e-type=\"widget\" data-widget_type=\"button.default\">\n\t\t\t\t<div class=\"elementor-widget-container\">\n\t\t\t\t\t\t\t\t\t<div class=\"elementor-button-wrapper\">\n\t\t\t\t\t<a class=\"elementor-button elementor-button-link elementor-size-sm\" href=\"https:\/\/braganza.belovedfilabrasileiro.com\/en\/fila-brasileiro\/filabrasileiro-temperament\/\">\n\t\t\t\t\t\t<span class=\"elementor-button-content-wrapper\">\n\t\t\t\t\t\t\t\t\t<span class=\"elementor-button-text\">Read more<\/span>\n\t\t\t\t\t<\/span>\n\t\t\t\t\t<\/a>\n\t\t\t\t<\/div>\n\t\t\t\t\t\t\t\t<\/div>\n\t\t\t\t<\/div>\n\t\t\t\t\t<\/div>\n\t\t<\/div>\n\t\t\t\t\t<\/div>\n\t\t<\/section>\n\t\t\t\t<section class=\"elementor-section elementor-top-section elementor-element elementor-element-e13b4f1 elementor-section-boxed elementor-section-height-default elementor-section-height-default\" data-id=\"e13b4f1\" data-element_type=\"section\" data-e-type=\"section\">\n\t\t\t\t\t\t<div class=\"elementor-container elementor-column-gap-default\">\n\t\t\t\t\t<div class=\"elementor-column elementor-col-50 elementor-top-column elementor-element elementor-element-edaa8eb\" data-id=\"edaa8eb\" data-element_type=\"column\" data-e-type=\"column\">\n\t\t\t<div class=\"elementor-widget-wrap elementor-element-populated\">\n\t\t\t\t\t\t<div class=\"elementor-element elementor-element-2a523e4 elementor-widget elementor-widget-image\" data-id=\"2a523e4\" data-element_type=\"widget\" data-e-type=\"widget\" data-widget_type=\"image.default\">\n\t\t\t\t<div class=\"elementor-widget-container\">\n\t\t\t\t\t\t\t\t\t\t\t\t\t\t\t<img loading=\"lazy\" decoding=\"async\" width=\"1000\" height=\"750\" src=\"https:\/\/braganza.belovedfilabrasileiro.com\/wp-content\/uploads\/2023\/04\/100_5363.png\" class=\"attachment-large size-large wp-image-3446\" alt=\"Fila brasileiro family: adult male, young bitch and puppies\" srcset=\"https:\/\/braganza.belovedfilabrasileiro.com\/wp-content\/uploads\/2023\/04\/100_5363.png 1000w, https:\/\/braganza.belovedfilabrasileiro.com\/wp-content\/uploads\/2023\/04\/100_5363-300x225.png 300w, https:\/\/braganza.belovedfilabrasileiro.com\/wp-content\/uploads\/2023\/04\/100_5363-768x576.png 768w, https:\/\/braganza.belovedfilabrasileiro.com\/wp-content\/uploads\/2023\/04\/100_5363-16x12.png 16w\" sizes=\"(max-width: 1000px) 100vw, 1000px\" \/>\t\t\t\t\t\t\t\t\t\t\t\t\t\t\t<\/div>\n\t\t\t\t<\/div>\n\t\t\t\t\t<\/div>\n\t\t<\/div>\n\t\t\t\t<div class=\"elementor-column elementor-col-50 elementor-top-column elementor-element elementor-element-07bc418\" data-id=\"07bc418\" data-element_type=\"column\" data-e-type=\"column\">\n\t\t\t<div class=\"elementor-widget-wrap elementor-element-populated\">\n\t\t\t\t\t\t<div class=\"elementor-element elementor-element-594c84e elementor-widget elementor-widget-heading\" data-id=\"594c84e\" data-element_type=\"widget\" data-e-type=\"widget\" data-widget_type=\"heading.default\">\n\t\t\t\t<div class=\"elementor-widget-container\">\n\t\t\t\t\t<h3 class=\"elementor-heading-title elementor-size-default\">Fila Brasileiro Keeping<\/h3>\t\t\t\t<\/div>\n\t\t\t\t<\/div>\n\t\t\t\t<div class=\"elementor-element elementor-element-4314c43 elementor-widget elementor-widget-text-editor\" data-id=\"4314c43\" data-element_type=\"widget\" data-e-type=\"widget\" data-widget_type=\"text-editor.default\">\n\t\t\t\t<div class=\"elementor-widget-container\">\n\t\t\t\t\t\t\t\t\t<p>The fila is always adapting to its environment. It can be kept in the garden, in a farm environment or even in the house. It will do well anywhere as long as it can be with its owner on a regular basis. It will not be a well-balanced filas and its character will not develop properly if, when it is a puppy, its owner only meets it when it is fed and constantly regulated. From a husbandry point of view, they are not particularly demanding, but it is very important to spend time with them, and of course, to spend time together as adults.<\/p>\t\t\t\t\t\t\t\t<\/div>\n\t\t\t\t<\/div>\n\t\t\t\t<div class=\"elementor-element elementor-element-9442ed1 elementor-align-center elementor-widget elementor-widget-button\" data-id=\"9442ed1\" data-element_type=\"widget\" data-e-type=\"widget\" data-widget_type=\"button.default\">\n\t\t\t\t<div class=\"elementor-widget-container\">\n\t\t\t\t\t\t\t\t\t<div class=\"elementor-button-wrapper\">\n\t\t\t\t\t<a class=\"elementor-button elementor-button-link elementor-size-sm\" href=\"https:\/\/braganza.belovedfilabrasileiro.com\/en\/fila-brasileiro\/filabrasileiro-care\/\">\n\t\t\t\t\t\t<span class=\"elementor-button-content-wrapper\">\n\t\t\t\t\t\t\t\t\t<span class=\"elementor-button-text\">Read more<\/span>\n\t\t\t\t\t<\/span>\n\t\t\t\t\t<\/a>\n\t\t\t\t<\/div>\n\t\t\t\t\t\t\t\t<\/div>\n\t\t\t\t<\/div>\n\t\t\t\t\t<\/div>\n\t\t<\/div>\n\t\t\t\t\t<\/div>\n\t\t<\/section>\n\t\t\t\t<section class=\"elementor-section elementor-top-section elementor-element elementor-element-daa604a elementor-section-boxed elementor-section-height-default elementor-section-height-default\" data-id=\"daa604a\" data-element_type=\"section\" data-e-type=\"section\">\n\t\t\t\t\t\t<div class=\"elementor-container elementor-column-gap-default\">\n\t\t\t\t\t<div class=\"elementor-column elementor-col-100 elementor-top-column elementor-element elementor-element-00d14ed\" data-id=\"00d14ed\" data-element_type=\"column\" data-e-type=\"column\">\n\t\t\t<div class=\"elementor-widget-wrap elementor-element-populated\">\n\t\t\t\t\t\t<div class=\"elementor-element elementor-element-caed729 elementor-widget elementor-widget-spacer\" data-id=\"caed729\" data-element_type=\"widget\" data-e-type=\"widget\" data-widget_type=\"spacer.default\">\n\t\t\t\t<div class=\"elementor-widget-container\">\n\t\t\t\t\t\t\t<div class=\"elementor-spacer\">\n\t\t\t<div class=\"elementor-spacer-inner\"><\/div>\n\t\t<\/div>\n\t\t\t\t\t\t<\/div>\n\t\t\t\t<\/div>\n\t\t\t\t\t<\/div>\n\t\t<\/div>\n\t\t\t\t\t<\/div>\n\t\t<\/section>\n\t\t\t\t<\/div>","protected":false},"excerpt":{"rendered":"<p>A Fila Brasileiro kutyafajta Fila Brasileiro Standard A fil\u00e1nak k\u00e9t standardja van az FCI \u00e1ltal elfogadott \u00e9s a CAFIB \u00e1ltal elfogadott. A FCI (illetve a CBKC r\u00e9gen BKC, vagyis Brazil Kennel Klub, hiszen a fajta gazda orsz\u00e1g\u00e1nak joga a fajta standardj\u00e1nak meg\u00edr\u00e1sa) az \u00e9vek sor\u00e1n t\u00f6bbsz\u00f6r v\u00e1ltoztatott rajta, legut\u00f3bb 2016 \u0151sz\u00e9n a k\u00f6vetkez\u0151vel: a pofa [&hellip;]<\/p>\n","protected":false},"author":1,"featured_media":3106,"parent":0,"menu_order":0,"comment_status":"closed","ping_status":"closed","template":"","meta":{"_seopress_robots_primary_cat":"","_seopress_titles_title":"Fila Brasileiro | Standard | Sz\u00e1rmaz\u00e1sa | Megjelen\u00e9se | Temperamentuma | Tart\u00e1sa","_seopress_titles_desc":"Ismerd meg a Fila Brasileiro-t! Tudj meg mindent a fajta FCI \u00e9s CAFIB standardjair\u00f3l, sz\u00e1rmaz\u00e1s\u00e1r\u00f3l, megjelen\u00e9s\u00e9r\u0151l, temperamentum\u00e1r\u00f3l \u00e9s tart\u00e1si ig\u00e9nyeir\u0151l.","_seopress_robots_index":"","site-sidebar-layout":"no-sidebar","site-content-layout":"page-builder","ast-site-content-layout":"full-width-container","site-content-style":"unboxed","site-sidebar-style":"unboxed","ast-global-header-display":"","ast-banner-title-visibility":"","ast-main-header-display":"","ast-hfb-above-header-display":"","ast-hfb-below-header-display":"","ast-hfb-mobile-header-display":"","site-post-title":"","ast-breadcrumbs-content":"","ast-featured-img":"disabled","footer-sml-layout":"","ast-disable-related-posts":"","theme-transparent-header-meta":"","adv-header-id-meta":"","stick-header-meta":"","header-above-stick-meta":"","header-main-stick-meta":"","header-below-stick-meta":"","astra-migrate-meta-layouts":"set","ast-page-background-enabled":"default","ast-page-background-meta":{"desktop":{"background-color":"var(--ast-global-color-4)","background-image":"","background-repeat":"repeat","background-position":"center center","background-size":"auto","background-attachment":"scroll","background-type":"","background-media":"","overlay-type":"","overlay-color":"","overlay-opacity":"","overlay-gradient":""},"tablet":{"background-color":"","background-image":"","background-repeat":"repeat","background-position":"center center","background-size":"auto","background-attachment":"scroll","background-type":"","background-media":"","overlay-type":"","overlay-color":"","overlay-opacity":"","overlay-gradient":""},"mobile":{"background-color":"","background-image":"","background-repeat":"repeat","background-position":"center center","background-size":"auto","background-attachment":"scroll","background-type":"","background-media":"","overlay-type":"","overlay-color":"","overlay-opacity":"","overlay-gradient":""}},"ast-content-background-meta":{"desktop":{"background-color":"var(--ast-global-color-5)","background-image":"","background-repeat":"repeat","background-position":"center center","background-size":"auto","background-attachment":"scroll","background-type":"","background-media":"","overlay-type":"","overlay-color":"","overlay-opacity":"","overlay-gradient":""},"tablet":{"background-color":"var(--ast-global-color-5)","background-image":"","background-repeat":"repeat","background-position":"center center","background-size":"auto","background-attachment":"scroll","background-type":"","background-media":"","overlay-type":"","overlay-color":"","overlay-opacity":"","overlay-gradient":""},"mobile":{"background-color":"var(--ast-global-color-5)","background-image":"","background-repeat":"repeat","background-position":"center center","background-size":"auto","background-attachment":"scroll","background-type":"","background-media":"","overlay-type":"","overlay-color":"","overlay-opacity":"","overlay-gradient":""}},"footnotes":""},"class_list":["post-43","page","type-page","status-publish","has-post-thumbnail","hentry"],"_links":{"self":[{"href":"https:\/\/braganza.belovedfilabrasileiro.com\/en\/wp-json\/wp\/v2\/pages\/43","targetHints":{"allow":["GET"]}}],"collection":[{"href":"https:\/\/braganza.belovedfilabrasileiro.com\/en\/wp-json\/wp\/v2\/pages"}],"about":[{"href":"https:\/\/braganza.belovedfilabrasileiro.com\/en\/wp-json\/wp\/v2\/types\/page"}],"author":[{"embeddable":true,"href":"https:\/\/braganza.belovedfilabrasileiro.com\/en\/wp-json\/wp\/v2\/users\/1"}],"replies":[{"embeddable":true,"href":"https:\/\/braganza.belovedfilabrasileiro.com\/en\/wp-json\/wp\/v2\/comments?post=43"}],"version-history":[{"count":193,"href":"https:\/\/braganza.belovedfilabrasileiro.com\/en\/wp-json\/wp\/v2\/pages\/43\/revisions"}],"predecessor-version":[{"id":3976,"href":"https:\/\/braganza.belovedfilabrasileiro.com\/en\/wp-json\/wp\/v2\/pages\/43\/revisions\/3976"}],"wp:featuredmedia":[{"embeddable":true,"href":"https:\/\/braganza.belovedfilabrasileiro.com\/en\/wp-json\/wp\/v2\/media\/3106"}],"wp:attachment":[{"href":"https:\/\/braganza.belovedfilabrasileiro.com\/en\/wp-json\/wp\/v2\/media?parent=43"}],"curies":[{"name":"wp","href":"https:\/\/api.w.org\/{rel}","templated":true}]}}