{"id":317,"date":"2023-01-14T22:09:21","date_gmt":"2023-01-14T22:09:21","guid":{"rendered":"https:\/\/braganza.belovedfilabrasileiro.com\/?page_id=317"},"modified":"2024-07-10T12:18:46","modified_gmt":"2024-07-10T10:18:46","slug":"filabrasileiro-szukak","status":"publish","type":"page","link":"https:\/\/braganza.belovedfilabrasileiro.com\/en\/filaim\/filabrasileiro-szukak\/","title":{"rendered":"Fila Brasileiro females"},"content":{"rendered":"<div data-elementor-type=\"wp-page\" data-elementor-id=\"317\" class=\"elementor elementor-317\" data-elementor-post-type=\"page\">\n\t\t\t\t\t\t<section class=\"elementor-section elementor-top-section elementor-element elementor-element-3e51130 elementor-section-boxed elementor-section-height-default elementor-section-height-default\" data-id=\"3e51130\" data-element_type=\"section\" data-e-type=\"section\">\n\t\t\t\t\t\t<div class=\"elementor-container elementor-column-gap-default\">\n\t\t\t\t\t<div class=\"elementor-column elementor-col-100 elementor-top-column elementor-element elementor-element-f53f97c\" data-id=\"f53f97c\" data-element_type=\"column\" data-e-type=\"column\">\n\t\t\t<div class=\"elementor-widget-wrap elementor-element-populated\">\n\t\t\t\t\t\t<div class=\"elementor-element elementor-element-eab2c04 elementor-widget elementor-widget-heading\" data-id=\"eab2c04\" data-element_type=\"widget\" data-e-type=\"widget\" data-widget_type=\"heading.default\">\n\t\t\t\t<div class=\"elementor-widget-container\">\n\t\t\t\t\t<h1 class=\"elementor-heading-title elementor-size-xl\">SZUK\u00c1K<\/h1>\t\t\t\t<\/div>\n\t\t\t\t<\/div>\n\t\t\t\t\t<\/div>\n\t\t<\/div>\n\t\t\t\t\t<\/div>\n\t\t<\/section>\n\t\t\t\t<section class=\"elementor-section elementor-top-section elementor-element elementor-element-5f456bc elementor-reverse-tablet elementor-reverse-mobile elementor-section-boxed elementor-section-height-default elementor-section-height-default\" data-id=\"5f456bc\" data-element_type=\"section\" data-e-type=\"section\">\n\t\t\t\t\t\t<div class=\"elementor-container elementor-column-gap-default\">\n\t\t\t\t\t<div class=\"elementor-column elementor-col-50 elementor-top-column elementor-element elementor-element-8d1f752\" data-id=\"8d1f752\" data-element_type=\"column\" data-e-type=\"column\">\n\t\t\t<div class=\"elementor-widget-wrap elementor-element-populated\">\n\t\t\t\t\t\t<div class=\"elementor-element elementor-element-a8f8674 elementor-widget elementor-widget-heading\" data-id=\"a8f8674\" data-element_type=\"widget\" data-e-type=\"widget\" data-settings=\"{&quot;_animation&quot;:&quot;none&quot;}\" data-widget_type=\"heading.default\">\n\t\t\t\t<div class=\"elementor-widget-container\">\n\t\t\t\t\t<h2 class=\"elementor-heading-title elementor-size-large\">Dandara de Braganza do Hungaro<\/h2>\t\t\t\t<\/div>\n\t\t\t\t<\/div>\n\t\t\t\t<div class=\"elementor-element elementor-element-cfe5b5d elementor-widget elementor-widget-text-editor\" data-id=\"cfe5b5d\" data-element_type=\"widget\" data-e-type=\"widget\" data-widget_type=\"text-editor.default\">\n\t\t\t\t<div class=\"elementor-widget-container\">\n\t\t\t\t\t\t\t\t\t<p>Sire: <strong>Caramburu de Braganza do Hungaro<\/strong><br \/>Dam: <strong>Bahia de Braganza do Hungaro<\/strong><br \/><em>Eredm\u00e9nyei: 5<\/em> 4 X Best Veteran, 4 x CAC, 2 X Veteran Best in Show III., Veteran Best in Show I., Veteran Clubwinner, Vice Veteran European Winner, R.CAC, Hungarian Veteran Champion, EDS 2023: VETERAN EUROPEAN WINNER 2023', BEST VETERAN, BEST OPPOSITIVE SEX<\/p>\t\t\t\t\t\t\t\t<\/div>\n\t\t\t\t<\/div>\n\t\t\t\t<div class=\"elementor-element elementor-element-50c7b27 elementor-widget elementor-widget-heading\" data-id=\"50c7b27\" data-element_type=\"widget\" data-e-type=\"widget\" data-widget_type=\"heading.default\">\n\t\t\t\t<div class=\"elementor-widget-container\">\n\t\t\t\t\t<h2 class=\"elementor-heading-title elementor-size-small\">Hip and elbow dysplasia free, OCD negative<\/h2>\t\t\t\t<\/div>\n\t\t\t\t<\/div>\n\t\t\t\t\t<\/div>\n\t\t<\/div>\n\t\t\t\t<div class=\"elementor-column elementor-col-50 elementor-top-column elementor-element elementor-element-2f50deb\" data-id=\"2f50deb\" data-element_type=\"column\" data-e-type=\"column\">\n\t\t\t<div class=\"elementor-widget-wrap elementor-element-populated\">\n\t\t\t\t\t\t<div class=\"elementor-element elementor-element-39a4bfa elementor-widget elementor-widget-image\" data-id=\"39a4bfa\" data-element_type=\"widget\" data-e-type=\"widget\" data-widget_type=\"image.default\">\n\t\t\t\t<div class=\"elementor-widget-container\">\n\t\t\t\t\t\t\t\t\t\t\t\t\t\t\t<img fetchpriority=\"high\" decoding=\"async\" width=\"1024\" height=\"576\" src=\"https:\/\/braganza.belovedfilabrasileiro.com\/wp-content\/uploads\/2023\/01\/Dandara-1024x576.jpg\" class=\"attachment-large size-large wp-image-375\" alt=\"\" srcset=\"https:\/\/braganza.belovedfilabrasileiro.com\/wp-content\/uploads\/2023\/01\/Dandara-1024x576.jpg 1024w, https:\/\/braganza.belovedfilabrasileiro.com\/wp-content\/uploads\/2023\/01\/Dandara-300x169.jpg 300w, https:\/\/braganza.belovedfilabrasileiro.com\/wp-content\/uploads\/2023\/01\/Dandara-768x432.jpg 768w, https:\/\/braganza.belovedfilabrasileiro.com\/wp-content\/uploads\/2023\/01\/Dandara-1536x864.jpg 1536w, https:\/\/braganza.belovedfilabrasileiro.com\/wp-content\/uploads\/2023\/01\/Dandara.jpg 1920w\" sizes=\"(max-width: 1024px) 100vw, 1024px\" \/>\t\t\t\t\t\t\t\t\t\t\t\t\t\t\t<\/div>\n\t\t\t\t<\/div>\n\t\t\t\t\t<\/div>\n\t\t<\/div>\n\t\t\t\t\t<\/div>\n\t\t<\/section>\n\t\t\t\t<section class=\"elementor-section elementor-top-section elementor-element elementor-element-bb8b170 elementor-section-boxed elementor-section-height-default elementor-section-height-default\" data-id=\"bb8b170\" data-element_type=\"section\" data-e-type=\"section\">\n\t\t\t\t\t\t<div class=\"elementor-container elementor-column-gap-default\">\n\t\t\t\t\t<div class=\"elementor-column elementor-col-50 elementor-top-column elementor-element elementor-element-d09f9c3\" data-id=\"d09f9c3\" data-element_type=\"column\" data-e-type=\"column\">\n\t\t\t<div class=\"elementor-widget-wrap elementor-element-populated\">\n\t\t\t\t\t\t<div class=\"elementor-element elementor-element-0f39205 elementor-widget elementor-widget-image\" data-id=\"0f39205\" data-element_type=\"widget\" data-e-type=\"widget\" data-widget_type=\"image.default\">\n\t\t\t\t<div class=\"elementor-widget-container\">\n\t\t\t\t\t\t\t\t\t\t\t\t\t\t\t<img decoding=\"async\" width=\"1024\" height=\"576\" src=\"https:\/\/braganza.belovedfilabrasileiro.com\/wp-content\/uploads\/2023\/01\/Mano3-1024x576.jpg\" class=\"attachment-large size-large wp-image-354\" alt=\"\" srcset=\"https:\/\/braganza.belovedfilabrasileiro.com\/wp-content\/uploads\/2023\/01\/Mano3-1024x576.jpg 1024w, https:\/\/braganza.belovedfilabrasileiro.com\/wp-content\/uploads\/2023\/01\/Mano3-300x169.jpg 300w, https:\/\/braganza.belovedfilabrasileiro.com\/wp-content\/uploads\/2023\/01\/Mano3-768x432.jpg 768w, https:\/\/braganza.belovedfilabrasileiro.com\/wp-content\/uploads\/2023\/01\/Mano3-1536x864.jpg 1536w, https:\/\/braganza.belovedfilabrasileiro.com\/wp-content\/uploads\/2023\/01\/Mano3.jpg 1920w\" sizes=\"(max-width: 1024px) 100vw, 1024px\" \/>\t\t\t\t\t\t\t\t\t\t\t\t\t\t\t<\/div>\n\t\t\t\t<\/div>\n\t\t\t\t\t<\/div>\n\t\t<\/div>\n\t\t\t\t<div class=\"elementor-column elementor-col-50 elementor-top-column elementor-element elementor-element-b98887a\" data-id=\"b98887a\" data-element_type=\"column\" data-e-type=\"column\">\n\t\t\t<div class=\"elementor-widget-wrap elementor-element-populated\">\n\t\t\t\t\t\t<div class=\"elementor-element elementor-element-e26d414 elementor-widget elementor-widget-heading\" data-id=\"e26d414\" data-element_type=\"widget\" data-e-type=\"widget\" data-settings=\"{&quot;_animation&quot;:&quot;none&quot;}\" data-widget_type=\"heading.default\">\n\t\t\t\t<div class=\"elementor-widget-container\">\n\t\t\t\t\t<h2 class=\"elementor-heading-title elementor-size-large\">Drina de Braganza do Hungaro<\/h2>\t\t\t\t<\/div>\n\t\t\t\t<\/div>\n\t\t\t\t<div class=\"elementor-element elementor-element-74f3deb elementor-widget elementor-widget-text-editor\" data-id=\"74f3deb\" data-element_type=\"widget\" data-e-type=\"widget\" data-widget_type=\"text-editor.default\">\n\t\t\t\t<div class=\"elementor-widget-container\">\n\t\t\t\t\t\t\t\t\t<p>Sire: <strong>Caramburu de Braganza do Hungaro<\/strong><br \/>Dam: <strong>Bahia de Braganza do Hungaro<\/strong><br \/><em>Results:\u00a0<\/em><\/p>\t\t\t\t\t\t\t\t<\/div>\n\t\t\t\t<\/div>\n\t\t\t\t\t<\/div>\n\t\t<\/div>\n\t\t\t\t\t<\/div>\n\t\t<\/section>\n\t\t\t\t<section class=\"elementor-section elementor-top-section elementor-element elementor-element-7afc07b elementor-reverse-tablet elementor-reverse-mobile elementor-section-boxed elementor-section-height-default elementor-section-height-default\" data-id=\"7afc07b\" data-element_type=\"section\" data-e-type=\"section\">\n\t\t\t\t\t\t<div class=\"elementor-container elementor-column-gap-default\">\n\t\t\t\t\t<div class=\"elementor-column elementor-col-50 elementor-top-column elementor-element elementor-element-88fead3\" data-id=\"88fead3\" data-element_type=\"column\" data-e-type=\"column\">\n\t\t\t<div class=\"elementor-widget-wrap elementor-element-populated\">\n\t\t\t\t\t\t<div class=\"elementor-element elementor-element-249258c elementor-widget elementor-widget-heading\" data-id=\"249258c\" data-element_type=\"widget\" data-e-type=\"widget\" data-settings=\"{&quot;_animation&quot;:&quot;none&quot;}\" data-widget_type=\"heading.default\">\n\t\t\t\t<div class=\"elementor-widget-container\">\n\t\t\t\t\t<h2 class=\"elementor-heading-title elementor-size-large\">Coral de Braganza do Hungaro<\/h2>\t\t\t\t<\/div>\n\t\t\t\t<\/div>\n\t\t\t\t<div class=\"elementor-element elementor-element-e6878e9 elementor-widget elementor-widget-text-editor\" data-id=\"e6878e9\" data-element_type=\"widget\" data-e-type=\"widget\" data-widget_type=\"text-editor.default\">\n\t\t\t\t<div class=\"elementor-widget-container\">\n\t\t\t\t\t\t\t\t\t<p>Sire: <strong>Gaucho II da Serra de Itanhandu<\/strong><br \/>Dam: <strong>Sita Harakan<\/strong><br \/><em>Results:<\/em> Hungarian Prima Junior<\/p>\t\t\t\t\t\t\t\t<\/div>\n\t\t\t\t<\/div>\n\t\t\t\t\t<\/div>\n\t\t<\/div>\n\t\t\t\t<div class=\"elementor-column elementor-col-50 elementor-top-column elementor-element elementor-element-507e2a1\" data-id=\"507e2a1\" data-element_type=\"column\" data-e-type=\"column\">\n\t\t\t<div class=\"elementor-widget-wrap elementor-element-populated\">\n\t\t\t\t\t\t<div class=\"elementor-element elementor-element-951e6d7 elementor-widget elementor-widget-image\" data-id=\"951e6d7\" data-element_type=\"widget\" data-e-type=\"widget\" data-widget_type=\"image.default\">\n\t\t\t\t<div class=\"elementor-widget-container\">\n\t\t\t\t\t\t\t\t\t\t\t\t\t\t\t<img decoding=\"async\" width=\"1024\" height=\"576\" src=\"https:\/\/braganza.belovedfilabrasileiro.com\/wp-content\/uploads\/2023\/01\/Coral1-1024x576.jpg\" class=\"attachment-large size-large wp-image-359\" alt=\"\" srcset=\"https:\/\/braganza.belovedfilabrasileiro.com\/wp-content\/uploads\/2023\/01\/Coral1-1024x576.jpg 1024w, https:\/\/braganza.belovedfilabrasileiro.com\/wp-content\/uploads\/2023\/01\/Coral1-300x169.jpg 300w, https:\/\/braganza.belovedfilabrasileiro.com\/wp-content\/uploads\/2023\/01\/Coral1-768x432.jpg 768w, https:\/\/braganza.belovedfilabrasileiro.com\/wp-content\/uploads\/2023\/01\/Coral1-1536x864.jpg 1536w, https:\/\/braganza.belovedfilabrasileiro.com\/wp-content\/uploads\/2023\/01\/Coral1.jpg 1920w\" sizes=\"(max-width: 1024px) 100vw, 1024px\" \/>\t\t\t\t\t\t\t\t\t\t\t\t\t\t\t<\/div>\n\t\t\t\t<\/div>\n\t\t\t\t\t<\/div>\n\t\t<\/div>\n\t\t\t\t\t<\/div>\n\t\t<\/section>\n\t\t\t\t<section class=\"elementor-section elementor-top-section elementor-element elementor-element-38d4279 elementor-section-boxed elementor-section-height-default elementor-section-height-default\" data-id=\"38d4279\" data-element_type=\"section\" data-e-type=\"section\">\n\t\t\t\t\t\t<div class=\"elementor-container elementor-column-gap-default\">\n\t\t\t\t\t<div class=\"elementor-column elementor-col-50 elementor-top-column elementor-element elementor-element-7878628\" data-id=\"7878628\" data-element_type=\"column\" data-e-type=\"column\">\n\t\t\t<div class=\"elementor-widget-wrap elementor-element-populated\">\n\t\t\t\t\t\t<div class=\"elementor-element elementor-element-78654d5 elementor-widget elementor-widget-image\" data-id=\"78654d5\" data-element_type=\"widget\" data-e-type=\"widget\" data-widget_type=\"image.default\">\n\t\t\t\t<div class=\"elementor-widget-container\">\n\t\t\t\t\t\t\t\t\t\t\t\t\t\t\t<img loading=\"lazy\" decoding=\"async\" width=\"1024\" height=\"576\" src=\"https:\/\/braganza.belovedfilabrasileiro.com\/wp-content\/uploads\/2023\/01\/Bahia-1024x576.jpg\" class=\"attachment-large size-large wp-image-367\" alt=\"\" srcset=\"https:\/\/braganza.belovedfilabrasileiro.com\/wp-content\/uploads\/2023\/01\/Bahia-1024x576.jpg 1024w, https:\/\/braganza.belovedfilabrasileiro.com\/wp-content\/uploads\/2023\/01\/Bahia-300x169.jpg 300w, https:\/\/braganza.belovedfilabrasileiro.com\/wp-content\/uploads\/2023\/01\/Bahia-768x432.jpg 768w, https:\/\/braganza.belovedfilabrasileiro.com\/wp-content\/uploads\/2023\/01\/Bahia-1536x864.jpg 1536w, https:\/\/braganza.belovedfilabrasileiro.com\/wp-content\/uploads\/2023\/01\/Bahia.jpg 1920w\" sizes=\"(max-width: 1024px) 100vw, 1024px\" \/>\t\t\t\t\t\t\t\t\t\t\t\t\t\t\t<\/div>\n\t\t\t\t<\/div>\n\t\t\t\t\t<\/div>\n\t\t<\/div>\n\t\t\t\t<div class=\"elementor-column elementor-col-50 elementor-top-column elementor-element elementor-element-6a5f3e7\" data-id=\"6a5f3e7\" data-element_type=\"column\" data-e-type=\"column\">\n\t\t\t<div class=\"elementor-widget-wrap elementor-element-populated\">\n\t\t\t\t\t\t<div class=\"elementor-element elementor-element-3101824 elementor-widget elementor-widget-heading\" data-id=\"3101824\" data-element_type=\"widget\" data-e-type=\"widget\" data-settings=\"{&quot;_animation&quot;:&quot;none&quot;}\" data-widget_type=\"heading.default\">\n\t\t\t\t<div class=\"elementor-widget-container\">\n\t\t\t\t\t<h2 class=\"elementor-heading-title elementor-size-large\">Bahia de Braganza do Hungaro<\/h2>\t\t\t\t<\/div>\n\t\t\t\t<\/div>\n\t\t\t\t<div class=\"elementor-element elementor-element-6cf8b06 elementor-widget elementor-widget-text-editor\" data-id=\"6cf8b06\" data-element_type=\"widget\" data-e-type=\"widget\" data-widget_type=\"text-editor.default\">\n\t\t\t\t<div class=\"elementor-widget-container\">\n\t\t\t\t\t\t\t\t\t<p>Sire: <strong>Glatisant&#8217;s Tor Le Fise<\/strong><br \/>Dam: <strong>Sita Harakan<\/strong><br \/><em>Results:<\/em> CAC<\/p>\t\t\t\t\t\t\t\t<\/div>\n\t\t\t\t<\/div>\n\t\t\t\t\t<\/div>\n\t\t<\/div>\n\t\t\t\t\t<\/div>\n\t\t<\/section>\n\t\t\t\t<section class=\"elementor-section elementor-top-section elementor-element elementor-element-b58aa25 elementor-reverse-tablet elementor-reverse-mobile elementor-section-boxed elementor-section-height-default elementor-section-height-default\" data-id=\"b58aa25\" data-element_type=\"section\" data-e-type=\"section\">\n\t\t\t\t\t\t<div class=\"elementor-container elementor-column-gap-default\">\n\t\t\t\t\t<div class=\"elementor-column elementor-col-50 elementor-top-column elementor-element elementor-element-79a002d\" data-id=\"79a002d\" data-element_type=\"column\" data-e-type=\"column\">\n\t\t\t<div class=\"elementor-widget-wrap elementor-element-populated\">\n\t\t\t\t\t\t<div class=\"elementor-element elementor-element-cf3d260 elementor-widget elementor-widget-heading\" data-id=\"cf3d260\" data-element_type=\"widget\" data-e-type=\"widget\" data-settings=\"{&quot;_animation&quot;:&quot;none&quot;}\" data-widget_type=\"heading.default\">\n\t\t\t\t<div class=\"elementor-widget-container\">\n\t\t\t\t\t<h2 class=\"elementor-heading-title elementor-size-large\">Bronze de Braganza do Hungaro<\/h2>\t\t\t\t<\/div>\n\t\t\t\t<\/div>\n\t\t\t\t<div class=\"elementor-element elementor-element-e59f32a elementor-widget elementor-widget-text-editor\" data-id=\"e59f32a\" data-element_type=\"widget\" data-e-type=\"widget\" data-widget_type=\"text-editor.default\">\n\t\t\t\t<div class=\"elementor-widget-container\">\n\t\t\t\t\t\t\t\t\t<p>Sire: <strong>Glatisant&#8217;s Tor Le Fise<\/strong><br \/>Dam: <strong>Sita Harakan<\/strong><br \/><em>Results: <\/em>4XHungarian Prima Junior, Young ClubWinner 10\u2032, Junior Best in Show III., Dog of pair III. (with Dino), Successor group I. (with Dino and Tor), Hungarian Derby Winner 10\u2032, 4XCAC, 2XCACIB, Champions of Champion 10\u2032, Hungarian Junior Champion,\u00a0 Hungarian Champion, ClubWinner 11\u2032, WDS Excellent 12\u2032, WClS Excellent I., Young National Champion I. 10\u2032<\/p>\t\t\t\t\t\t\t\t<\/div>\n\t\t\t\t<\/div>\n\t\t\t\t\t<\/div>\n\t\t<\/div>\n\t\t\t\t<div class=\"elementor-column elementor-col-50 elementor-top-column elementor-element elementor-element-29e0f80\" data-id=\"29e0f80\" data-element_type=\"column\" data-e-type=\"column\">\n\t\t\t<div class=\"elementor-widget-wrap elementor-element-populated\">\n\t\t\t\t\t\t<div class=\"elementor-element elementor-element-c48fe21 elementor-widget elementor-widget-image\" data-id=\"c48fe21\" data-element_type=\"widget\" data-e-type=\"widget\" data-widget_type=\"image.default\">\n\t\t\t\t<div class=\"elementor-widget-container\">\n\t\t\t\t\t\t\t\t\t\t\t\t\t\t\t<img loading=\"lazy\" decoding=\"async\" width=\"1024\" height=\"576\" src=\"https:\/\/braganza.belovedfilabrasileiro.com\/wp-content\/uploads\/2023\/01\/Rumba-1024x576.jpg\" class=\"attachment-large size-large wp-image-363\" alt=\"\" srcset=\"https:\/\/braganza.belovedfilabrasileiro.com\/wp-content\/uploads\/2023\/01\/Rumba-1024x576.jpg 1024w, https:\/\/braganza.belovedfilabrasileiro.com\/wp-content\/uploads\/2023\/01\/Rumba-300x169.jpg 300w, https:\/\/braganza.belovedfilabrasileiro.com\/wp-content\/uploads\/2023\/01\/Rumba-768x432.jpg 768w, https:\/\/braganza.belovedfilabrasileiro.com\/wp-content\/uploads\/2023\/01\/Rumba-1536x864.jpg 1536w, https:\/\/braganza.belovedfilabrasileiro.com\/wp-content\/uploads\/2023\/01\/Rumba.jpg 1920w\" sizes=\"(max-width: 1024px) 100vw, 1024px\" \/>\t\t\t\t\t\t\t\t\t\t\t\t\t\t\t<\/div>\n\t\t\t\t<\/div>\n\t\t\t\t\t<\/div>\n\t\t<\/div>\n\t\t\t\t\t<\/div>\n\t\t<\/section>\n\t\t\t\t<section class=\"elementor-section elementor-top-section elementor-element elementor-element-d5714e3 elementor-section-boxed elementor-section-height-default elementor-section-height-default\" data-id=\"d5714e3\" data-element_type=\"section\" data-e-type=\"section\">\n\t\t\t\t\t\t<div class=\"elementor-container elementor-column-gap-default\">\n\t\t\t\t\t<div class=\"elementor-column elementor-col-50 elementor-top-column elementor-element elementor-element-d38d93d\" data-id=\"d38d93d\" data-element_type=\"column\" data-e-type=\"column\">\n\t\t\t<div class=\"elementor-widget-wrap elementor-element-populated\">\n\t\t\t\t\t\t<div class=\"elementor-element elementor-element-014a420 elementor-widget elementor-widget-image\" data-id=\"014a420\" data-element_type=\"widget\" data-e-type=\"widget\" data-widget_type=\"image.default\">\n\t\t\t\t<div class=\"elementor-widget-container\">\n\t\t\t\t\t\t\t\t\t\t\t\t\t\t\t<img loading=\"lazy\" decoding=\"async\" width=\"1024\" height=\"576\" src=\"https:\/\/braganza.belovedfilabrasileiro.com\/wp-content\/uploads\/2023\/01\/Sita-1024x576.jpg\" class=\"attachment-large size-large wp-image-371\" alt=\"\" srcset=\"https:\/\/braganza.belovedfilabrasileiro.com\/wp-content\/uploads\/2023\/01\/Sita-1024x576.jpg 1024w, https:\/\/braganza.belovedfilabrasileiro.com\/wp-content\/uploads\/2023\/01\/Sita-300x169.jpg 300w, https:\/\/braganza.belovedfilabrasileiro.com\/wp-content\/uploads\/2023\/01\/Sita-768x432.jpg 768w, https:\/\/braganza.belovedfilabrasileiro.com\/wp-content\/uploads\/2023\/01\/Sita-1536x864.jpg 1536w, https:\/\/braganza.belovedfilabrasileiro.com\/wp-content\/uploads\/2023\/01\/Sita.jpg 1920w\" sizes=\"(max-width: 1024px) 100vw, 1024px\" \/>\t\t\t\t\t\t\t\t\t\t\t\t\t\t\t<\/div>\n\t\t\t\t<\/div>\n\t\t\t\t\t<\/div>\n\t\t<\/div>\n\t\t\t\t<div class=\"elementor-column elementor-col-50 elementor-top-column elementor-element elementor-element-fd50783\" data-id=\"fd50783\" data-element_type=\"column\" data-e-type=\"column\">\n\t\t\t<div class=\"elementor-widget-wrap elementor-element-populated\">\n\t\t\t\t\t\t<div class=\"elementor-element elementor-element-e462679 elementor-widget elementor-widget-heading\" data-id=\"e462679\" data-element_type=\"widget\" data-e-type=\"widget\" data-settings=\"{&quot;_animation&quot;:&quot;none&quot;}\" data-widget_type=\"heading.default\">\n\t\t\t\t<div class=\"elementor-widget-container\">\n\t\t\t\t\t<h2 class=\"elementor-heading-title elementor-size-large\">Sita Harakan<\/h2>\t\t\t\t<\/div>\n\t\t\t\t<\/div>\n\t\t\t\t<div class=\"elementor-element elementor-element-9d31310 elementor-widget elementor-widget-text-editor\" data-id=\"9d31310\" data-element_type=\"widget\" data-e-type=\"widget\" data-widget_type=\"text-editor.default\">\n\t\t\t\t<div class=\"elementor-widget-container\">\n\t\t\t\t\t\t\t\t\t<p>Sire: <strong>Uno I de Sao Jose da Lapa<\/strong><br \/>Dam: <strong>Fenix da Serra de Itanhandu<\/strong><br \/><em>Results:<\/em> 4 X CAC, R.CACIB, Clubwinner 10\u2032, Hungarian Champion, National Champion IV.<\/p>\t\t\t\t\t\t\t\t<\/div>\n\t\t\t\t<\/div>\n\t\t\t\t\t<\/div>\n\t\t<\/div>\n\t\t\t\t\t<\/div>\n\t\t<\/section>\n\t\t\t\t<section class=\"elementor-section elementor-top-section elementor-element elementor-element-152ac5a elementor-section-boxed elementor-section-height-default elementor-section-height-default\" data-id=\"152ac5a\" data-element_type=\"section\" data-e-type=\"section\">\n\t\t\t\t\t\t<div class=\"elementor-container elementor-column-gap-default\">\n\t\t\t\t\t<div class=\"elementor-column elementor-col-100 elementor-top-column elementor-element elementor-element-eb8a0de\" data-id=\"eb8a0de\" data-element_type=\"column\" data-e-type=\"column\">\n\t\t\t<div class=\"elementor-widget-wrap elementor-element-populated\">\n\t\t\t\t\t\t<div class=\"elementor-element elementor-element-9e6c7b4 elementor-widget elementor-widget-spacer\" data-id=\"9e6c7b4\" data-element_type=\"widget\" data-e-type=\"widget\" data-widget_type=\"spacer.default\">\n\t\t\t\t<div class=\"elementor-widget-container\">\n\t\t\t\t\t\t\t<div class=\"elementor-spacer\">\n\t\t\t<div class=\"elementor-spacer-inner\"><\/div>\n\t\t<\/div>\n\t\t\t\t\t\t<\/div>\n\t\t\t\t<\/div>\n\t\t\t\t\t<\/div>\n\t\t<\/div>\n\t\t\t\t\t<\/div>\n\t\t<\/section>\n\t\t\t\t<\/div>","protected":false},"excerpt":{"rendered":"<p>SZUK\u00c1K Dandara de Braganza do Hungaro Apja: Caramburu de Braganza do HungaroAnyja: Bahia de Braganza do HungaroEredm\u00e9nyei: 5 X Legszebb Veter\u00e1n, 5 x CAC, 2 X Veteran Best in Show III., Veteran Best in Show I., Veteran Klubgy\u0151ztes, Vice Veteran Eur\u00f3pagy\u0151ztes, R.CAC, Hungaria Veteran Champion, EDS 2023: VETER\u00c1N EUR\u00d3PAGY\u0150ZTES 2023&#8242;, BEST VETERAN, BEST OPPOSITIVE SEX [&hellip;]<\/p>\n","protected":false},"author":1,"featured_media":713,"parent":51,"menu_order":0,"comment_status":"closed","ping_status":"closed","template":"elementor_header_footer","meta":{"_seopress_robots_primary_cat":"","_seopress_titles_title":"","_seopress_titles_desc":"","_seopress_robots_index":"","site-sidebar-layout":"no-sidebar","site-content-layout":"page-builder","ast-site-content-layout":"default","site-content-style":"default","site-sidebar-style":"default","ast-global-header-display":"","ast-banner-title-visibility":"","ast-main-header-display":"","ast-hfb-above-header-display":"","ast-hfb-below-header-display":"","ast-hfb-mobile-header-display":"","site-post-title":"disabled","ast-breadcrumbs-content":"","ast-featured-img":"disabled","footer-sml-layout":"","ast-disable-related-posts":"","theme-transparent-header-meta":"","adv-header-id-meta":"","stick-header-meta":"","header-above-stick-meta":"","header-main-stick-meta":"","header-below-stick-meta":"","astra-migrate-meta-layouts":"default","ast-page-background-enabled":"default","ast-page-background-meta":{"desktop":{"background-color":"var(--ast-global-color-4)","background-image":"","background-repeat":"repeat","background-position":"center center","background-size":"auto","background-attachment":"scroll","background-type":"","background-media":"","overlay-type":"","overlay-color":"","overlay-opacity":"","overlay-gradient":""},"tablet":{"background-color":"","background-image":"","background-repeat":"repeat","background-position":"center center","background-size":"auto","background-attachment":"scroll","background-type":"","background-media":"","overlay-type":"","overlay-color":"","overlay-opacity":"","overlay-gradient":""},"mobile":{"background-color":"","background-image":"","background-repeat":"repeat","background-position":"center center","background-size":"auto","background-attachment":"scroll","background-type":"","background-media":"","overlay-type":"","overlay-color":"","overlay-opacity":"","overlay-gradient":""}},"ast-content-background-meta":{"desktop":{"background-color":"var(--ast-global-color-5)","background-image":"","background-repeat":"repeat","background-position":"center center","background-size":"auto","background-attachment":"scroll","background-type":"","background-media":"","overlay-type":"","overlay-color":"","overlay-opacity":"","overlay-gradient":""},"tablet":{"background-color":"var(--ast-global-color-5)","background-image":"","background-repeat":"repeat","background-position":"center center","background-size":"auto","background-attachment":"scroll","background-type":"","background-media":"","overlay-type":"","overlay-color":"","overlay-opacity":"","overlay-gradient":""},"mobile":{"background-color":"var(--ast-global-color-5)","background-image":"","background-repeat":"repeat","background-position":"center center","background-size":"auto","background-attachment":"scroll","background-type":"","background-media":"","overlay-type":"","overlay-color":"","overlay-opacity":"","overlay-gradient":""}},"footnotes":""},"class_list":["post-317","page","type-page","status-publish","has-post-thumbnail","hentry"],"_links":{"self":[{"href":"https:\/\/braganza.belovedfilabrasileiro.com\/en\/wp-json\/wp\/v2\/pages\/317","targetHints":{"allow":["GET"]}}],"collection":[{"href":"https:\/\/braganza.belovedfilabrasileiro.com\/en\/wp-json\/wp\/v2\/pages"}],"about":[{"href":"https:\/\/braganza.belovedfilabrasileiro.com\/en\/wp-json\/wp\/v2\/types\/page"}],"author":[{"embeddable":true,"href":"https:\/\/braganza.belovedfilabrasileiro.com\/en\/wp-json\/wp\/v2\/users\/1"}],"replies":[{"embeddable":true,"href":"https:\/\/braganza.belovedfilabrasileiro.com\/en\/wp-json\/wp\/v2\/comments?post=317"}],"version-history":[{"count":142,"href":"https:\/\/braganza.belovedfilabrasileiro.com\/en\/wp-json\/wp\/v2\/pages\/317\/revisions"}],"predecessor-version":[{"id":3907,"href":"https:\/\/braganza.belovedfilabrasileiro.com\/en\/wp-json\/wp\/v2\/pages\/317\/revisions\/3907"}],"up":[{"embeddable":true,"href":"https:\/\/braganza.belovedfilabrasileiro.com\/en\/wp-json\/wp\/v2\/pages\/51"}],"wp:featuredmedia":[{"embeddable":true,"href":"https:\/\/braganza.belovedfilabrasileiro.com\/en\/wp-json\/wp\/v2\/media\/713"}],"wp:attachment":[{"href":"https:\/\/braganza.belovedfilabrasileiro.com\/en\/wp-json\/wp\/v2\/media?parent=317"}],"curies":[{"name":"wp","href":"https:\/\/api.w.org\/{rel}","templated":true}]}}