{"id":2289,"date":"2023-03-24T10:43:51","date_gmt":"2023-03-24T10:43:51","guid":{"rendered":"https:\/\/braganza.belovedfilabrasileiro.com\/?page_id=2289"},"modified":"2024-07-10T12:17:57","modified_gmt":"2024-07-10T10:17:57","slug":"filabrasileiro-tartasa","status":"publish","type":"page","link":"https:\/\/braganza.belovedfilabrasileiro.com\/en\/fila-brasileiro\/filabrasileiro-tartasa\/","title":{"rendered":"Fila Brasileiro Keeping"},"content":{"rendered":"<div data-elementor-type=\"wp-page\" data-elementor-id=\"2289\" class=\"elementor elementor-2289\" data-elementor-post-type=\"page\">\n\t\t\t\t\t\t<section class=\"elementor-section elementor-top-section elementor-element elementor-element-bd26610 elementor-section-boxed elementor-section-height-default elementor-section-height-default\" data-id=\"bd26610\" data-element_type=\"section\" data-e-type=\"section\">\n\t\t\t\t\t\t<div class=\"elementor-container elementor-column-gap-default\">\n\t\t\t\t\t<div class=\"elementor-column elementor-col-100 elementor-top-column elementor-element elementor-element-c4e5ae2\" data-id=\"c4e5ae2\" data-element_type=\"column\" data-e-type=\"column\">\n\t\t\t<div class=\"elementor-widget-wrap elementor-element-populated\">\n\t\t\t\t\t\t<div class=\"elementor-element elementor-element-c81d5b6 elementor-widget elementor-widget-heading\" data-id=\"c81d5b6\" data-element_type=\"widget\" data-e-type=\"widget\" data-widget_type=\"heading.default\">\n\t\t\t\t<div class=\"elementor-widget-container\">\n\t\t\t\t\t<h2 class=\"elementor-heading-title elementor-size-default\">Care<\/h2>\t\t\t\t<\/div>\n\t\t\t\t<\/div>\n\t\t\t\t\t<\/div>\n\t\t<\/div>\n\t\t\t\t\t<\/div>\n\t\t<\/section>\n\t\t\t\t<section class=\"elementor-section elementor-top-section elementor-element elementor-element-6ec7313 elementor-section-boxed elementor-section-height-default elementor-section-height-default\" data-id=\"6ec7313\" data-element_type=\"section\" data-e-type=\"section\" data-settings=\"{&quot;background_background&quot;:&quot;classic&quot;}\">\n\t\t\t\t\t\t\t<div class=\"elementor-background-overlay\"><\/div>\n\t\t\t\t\t\t\t<div class=\"elementor-container elementor-column-gap-default\">\n\t\t\t\t\t<div class=\"elementor-column elementor-col-50 elementor-top-column elementor-element elementor-element-462b00e\" data-id=\"462b00e\" data-element_type=\"column\" data-e-type=\"column\">\n\t\t\t<div class=\"elementor-widget-wrap elementor-element-populated\">\n\t\t\t\t\t\t<div class=\"elementor-element elementor-element-1240fa8 elementor-widget elementor-widget-text-editor\" data-id=\"1240fa8\" data-element_type=\"widget\" data-e-type=\"widget\" data-widget_type=\"text-editor.default\">\n\t\t\t\t<div class=\"elementor-widget-container\">\n\t\t\t\t\t\t\t\t\t<p>The fila is always adapting to its environment. It can be kept in the garden, in a farm environment or even in the house. It will do well anywhere as long as it can be with its owner on a regular basis. It will not be a well-balanced filas and its character will not develop properly if, when it is a puppy, its owner only meets it when it is fed and constantly regulated. From a husbandry point of view, they are not particularly demanding, but it is very important to spend time with them, and of course, to spend time together as adults.<\/p><p>Keeping a fila is a responsibility. We need a secure fence so that the dog cannot leave its own territory under any circumstances. He is not a runaway breed, but the possibility of this happening should be completely eliminated.<\/p>\t\t\t\t\t\t\t\t<\/div>\n\t\t\t\t<\/div>\n\t\t\t\t\t<\/div>\n\t\t<\/div>\n\t\t\t\t<div class=\"elementor-column elementor-col-50 elementor-top-column elementor-element elementor-element-97f2807\" data-id=\"97f2807\" data-element_type=\"column\" data-e-type=\"column\">\n\t\t\t<div class=\"elementor-widget-wrap elementor-element-populated\">\n\t\t\t\t\t\t<div class=\"elementor-element elementor-element-fae32ca elementor-widget elementor-widget-image\" data-id=\"fae32ca\" data-element_type=\"widget\" data-e-type=\"widget\" data-widget_type=\"image.default\">\n\t\t\t\t<div class=\"elementor-widget-container\">\n\t\t\t\t\t\t\t\t\t\t\t\t\t\t\t<img fetchpriority=\"high\" decoding=\"async\" width=\"480\" height=\"640\" src=\"https:\/\/braganza.belovedfilabrasileiro.com\/wp-content\/uploads\/2023\/03\/01.jpg\" class=\"attachment-large size-large wp-image-3106\" alt=\"Fila brasileirok munk\u00e1ban - marha k\u00eds\u00e9r\u00e9s k\u00f6zben\" srcset=\"https:\/\/braganza.belovedfilabrasileiro.com\/wp-content\/uploads\/2023\/03\/01.jpg 480w, https:\/\/braganza.belovedfilabrasileiro.com\/wp-content\/uploads\/2023\/03\/01-225x300.jpg 225w, https:\/\/braganza.belovedfilabrasileiro.com\/wp-content\/uploads\/2023\/03\/01-9x12.jpg 9w\" sizes=\"(max-width: 480px) 100vw, 480px\" \/>\t\t\t\t\t\t\t\t\t\t\t\t\t\t\t<\/div>\n\t\t\t\t<\/div>\n\t\t\t\t\t<\/div>\n\t\t<\/div>\n\t\t\t\t\t<\/div>\n\t\t<\/section>\n\t\t\t\t<section class=\"elementor-section elementor-top-section elementor-element elementor-element-7c48e27 elementor-section-boxed elementor-section-height-default elementor-section-height-default\" data-id=\"7c48e27\" data-element_type=\"section\" data-e-type=\"section\">\n\t\t\t\t\t\t<div class=\"elementor-container elementor-column-gap-default\">\n\t\t\t\t\t<div class=\"elementor-column elementor-col-100 elementor-top-column elementor-element elementor-element-ef4125f\" data-id=\"ef4125f\" data-element_type=\"column\" data-e-type=\"column\">\n\t\t\t<div class=\"elementor-widget-wrap elementor-element-populated\">\n\t\t\t\t\t\t<div class=\"elementor-element elementor-element-5600578 elementor-widget elementor-widget-text-editor\" data-id=\"5600578\" data-element_type=\"widget\" data-e-type=\"widget\" data-widget_type=\"text-editor.default\">\n\t\t\t\t<div class=\"elementor-widget-container\">\n\t\t\t\t\t\t\t\t\t<p>The fila does not like and is not suitable for kennelling. It can be confined for short periods, but it has a very hard time being restricted from being near its owner.<\/p><p>The fila is a short-haired breed, not very fond of cold weather, and can get cold in winter, so the dog house should be insulated and large enough to accommodate it. It is best to line it with straw, which needs to be replaced every few weeks as it breaks down. Unfortunately, even when using a straw catcher slat, the dog will push it out of the house, which is not very aesthetically pleasing in the garden, but so far it has worked best for me. There are now heaters that can be built into the bottom of the dog house to keep the dog out, but it is important to watch the temperature so that it is not too hot in the dog house, as the heat difference can cause pneumonia. In this application, there is still the problem that the carpet or mattress is pushed around by the dog and the not soft enough bedding causes calluses to form on the pressure points.<\/p>\t\t\t\t\t\t\t\t<\/div>\n\t\t\t\t<\/div>\n\t\t\t\t\t<\/div>\n\t\t<\/div>\n\t\t\t\t\t<\/div>\n\t\t<\/section>\n\t\t\t\t<section class=\"elementor-section elementor-top-section elementor-element elementor-element-0bacbd2 elementor-section-boxed elementor-section-height-default elementor-section-height-default\" data-id=\"0bacbd2\" data-element_type=\"section\" data-e-type=\"section\" data-settings=\"{&quot;background_background&quot;:&quot;classic&quot;}\">\n\t\t\t\t\t\t\t<div class=\"elementor-background-overlay\"><\/div>\n\t\t\t\t\t\t\t<div class=\"elementor-container elementor-column-gap-default\">\n\t\t\t\t\t<div class=\"elementor-column elementor-col-100 elementor-top-column elementor-element elementor-element-04978fe\" data-id=\"04978fe\" data-element_type=\"column\" data-e-type=\"column\">\n\t\t\t<div class=\"elementor-widget-wrap elementor-element-populated\">\n\t\t\t\t\t\t<div class=\"elementor-element elementor-element-289a924 elementor-widget elementor-widget-text-editor\" data-id=\"289a924\" data-element_type=\"widget\" data-e-type=\"widget\" data-widget_type=\"text-editor.default\">\n\t\t\t\t<div class=\"elementor-widget-container\">\n\t\t\t\t\t\t\t\t\t<p>Short hairs do not require any special care, it is enough to comb them with a combing glove from time to time, or to repeat the process several times during the moulting period. The ears should be cleaned occasionally, but not too often. The claws should also be trimmed from time to time.<\/p><p>As a puppy, you need to pay attention to its feeding and growth. He should not be kept fat, but should be kept thin, to protect his skeletal system and joints. His legs and movements should be monitored daily. If a limp is noticed, it should never be ignored. This \"more dangerous\" stage of development lasts until the dog is about one and a half years old. Feeding a joint protecting supplement is strongly recommended, but can be omitted in a steadily developing fila puppy. Exercise is very important for proper development, which does not mean running alongside the bike for miles. Move as much as he wants to move.<\/p>\t\t\t\t\t\t\t\t<\/div>\n\t\t\t\t<\/div>\n\t\t\t\t\t<\/div>\n\t\t<\/div>\n\t\t\t\t\t<\/div>\n\t\t<\/section>\n\t\t\t\t<section class=\"elementor-section elementor-top-section elementor-element elementor-element-278d597 elementor-section-boxed elementor-section-height-default elementor-section-height-default\" data-id=\"278d597\" data-element_type=\"section\" data-e-type=\"section\">\n\t\t\t\t\t\t<div class=\"elementor-container elementor-column-gap-default\">\n\t\t\t\t\t<div class=\"elementor-column elementor-col-100 elementor-top-column elementor-element elementor-element-27f2b55\" data-id=\"27f2b55\" data-element_type=\"column\" data-e-type=\"column\">\n\t\t\t<div class=\"elementor-widget-wrap elementor-element-populated\">\n\t\t\t\t\t\t<div class=\"elementor-element elementor-element-d0fb23a elementor-widget elementor-widget-text-editor\" data-id=\"d0fb23a\" data-element_type=\"widget\" data-e-type=\"widget\" data-widget_type=\"text-editor.default\">\n\t\t\t\t<div class=\"elementor-widget-container\">\n\t\t\t\t\t\t\t\t\t<p>Very healthy breed, not susceptible to diseases, what is really very dangerous is stomach upset. Unfortunately the fila is badly affected and to this day it is not known exactly what causes it. The main cause could be a loose constitution, thus similar conditions could be present in the suspension of the digestive tract in the fila, and from my own observations other causes could be: diet, medication that alters the gut flora and stress. If it happens, we need to take the dog to hospital immediately for surgery and, luckily, he will survive. As a preventive measure, it is usually recommended to divide his daily food into several portions and to provide a calm environment after eating.<\/p><p>In older age, they need more care. At this age, you should definitely take a joint protection supplement, because sooner or later, all elderly fila will get arthritis. Choosing a product is not easy because not all of them give the expected effect. Unfortunately, at this age, cold weather is also harder on the dog's joints.<\/p>\t\t\t\t\t\t\t\t<\/div>\n\t\t\t\t<\/div>\n\t\t\t\t\t<\/div>\n\t\t<\/div>\n\t\t\t\t\t<\/div>\n\t\t<\/section>\n\t\t\t\t<section class=\"elementor-section elementor-top-section elementor-element elementor-element-ee3b237 elementor-section-boxed elementor-section-height-default elementor-section-height-default\" data-id=\"ee3b237\" data-element_type=\"section\" data-e-type=\"section\" data-settings=\"{&quot;background_background&quot;:&quot;classic&quot;}\">\n\t\t\t\t\t\t<div class=\"elementor-container elementor-column-gap-default\">\n\t\t\t\t\t<div class=\"elementor-column elementor-col-100 elementor-top-column elementor-element elementor-element-2037148\" data-id=\"2037148\" data-element_type=\"column\" data-e-type=\"column\" data-settings=\"{&quot;background_background&quot;:&quot;classic&quot;}\">\n\t\t\t<div class=\"elementor-widget-wrap elementor-element-populated\">\n\t\t\t\t\t<div class=\"elementor-background-overlay\"><\/div>\n\t\t\t\t\t\t<div class=\"elementor-element elementor-element-8bea348 elementor-widget elementor-widget-text-editor\" data-id=\"8bea348\" data-element_type=\"widget\" data-e-type=\"widget\" data-widget_type=\"text-editor.default\">\n\t\t\t\t<div class=\"elementor-widget-container\">\n\t\t\t\t\t\t\t\t\t<p>A fila is a great companion for everyday life and an excellent watchdog, but only choose this breed that you can care for for the rest of its life. It is not easy to find a new owner for an adult dog, and any prospective owner should be aware of this.<\/p>\t\t\t\t\t\t\t\t<\/div>\n\t\t\t\t<\/div>\n\t\t\t\t\t<\/div>\n\t\t<\/div>\n\t\t\t\t\t<\/div>\n\t\t<\/section>\n\t\t\t\t<\/div>","protected":false},"excerpt":{"rendered":"<p>Tart\u00e1sa A fila mindig alkalmazkodik a k\u00f6rnyezet\u00e9hez. Tarthatjuk a kertben, tanyasi k\u00f6rnyezetben \u00e9s ak\u00e1r lak\u00e1sban is. B\u00e1rhol j\u00f3l \u00e9rzi mag\u00e1t azzal a felt\u00e9tellel, hogy a gazd\u00e1j\u00e1val rendszeresen egy\u00fctt lehet. Nem lesz kiegyens\u00falyozott fil\u00e1nk \u00e9s a jelleme sem fejl\u0151dik megfelel\u0151en, ha k\u00f6ly\u00f6k kor\u00e1ban csak megetetj\u00fck \u00e9s \u00e1lland\u00f3an regul\u00e1zzuk. Tart\u00e1s szempontj\u00e1b\u00f3l nem k\u00fcl\u00f6n\u00f6sebben ig\u00e9nyes, de nagyon fontos [&hellip;]<\/p>\n","protected":false},"author":1,"featured_media":3446,"parent":43,"menu_order":0,"comment_status":"closed","ping_status":"closed","template":"elementor_header_footer","meta":{"_seopress_robots_primary_cat":"","_seopress_titles_title":"Fila Brasileiro Tart\u00e1sa","_seopress_titles_desc":"","_seopress_robots_index":"","site-sidebar-layout":"no-sidebar","site-content-layout":"page-builder","ast-site-content-layout":"full-width-container","site-content-style":"unboxed","site-sidebar-style":"unboxed","ast-global-header-display":"","ast-banner-title-visibility":"","ast-main-header-display":"","ast-hfb-above-header-display":"","ast-hfb-below-header-display":"","ast-hfb-mobile-header-display":"","site-post-title":"disabled","ast-breadcrumbs-content":"","ast-featured-img":"disabled","footer-sml-layout":"","ast-disable-related-posts":"","theme-transparent-header-meta":"","adv-header-id-meta":"","stick-header-meta":"","header-above-stick-meta":"","header-main-stick-meta":"","header-below-stick-meta":"","astra-migrate-meta-layouts":"set","ast-page-background-enabled":"default","ast-page-background-meta":{"desktop":{"background-color":"var(--ast-global-color-4)","background-image":"","background-repeat":"repeat","background-position":"center center","background-size":"auto","background-attachment":"scroll","background-type":"","background-media":"","overlay-type":"","overlay-color":"","overlay-opacity":"","overlay-gradient":""},"tablet":{"background-color":"","background-image":"","background-repeat":"repeat","background-position":"center center","background-size":"auto","background-attachment":"scroll","background-type":"","background-media":"","overlay-type":"","overlay-color":"","overlay-opacity":"","overlay-gradient":""},"mobile":{"background-color":"","background-image":"","background-repeat":"repeat","background-position":"center center","background-size":"auto","background-attachment":"scroll","background-type":"","background-media":"","overlay-type":"","overlay-color":"","overlay-opacity":"","overlay-gradient":""}},"ast-content-background-meta":{"desktop":{"background-color":"var(--ast-global-color-5)","background-image":"","background-repeat":"repeat","background-position":"center center","background-size":"auto","background-attachment":"scroll","background-type":"","background-media":"","overlay-type":"","overlay-color":"","overlay-opacity":"","overlay-gradient":""},"tablet":{"background-color":"var(--ast-global-color-5)","background-image":"","background-repeat":"repeat","background-position":"center center","background-size":"auto","background-attachment":"scroll","background-type":"","background-media":"","overlay-type":"","overlay-color":"","overlay-opacity":"","overlay-gradient":""},"mobile":{"background-color":"var(--ast-global-color-5)","background-image":"","background-repeat":"repeat","background-position":"center center","background-size":"auto","background-attachment":"scroll","background-type":"","background-media":"","overlay-type":"","overlay-color":"","overlay-opacity":"","overlay-gradient":""}},"footnotes":""},"class_list":["post-2289","page","type-page","status-publish","has-post-thumbnail","hentry"],"_links":{"self":[{"href":"https:\/\/braganza.belovedfilabrasileiro.com\/en\/wp-json\/wp\/v2\/pages\/2289","targetHints":{"allow":["GET"]}}],"collection":[{"href":"https:\/\/braganza.belovedfilabrasileiro.com\/en\/wp-json\/wp\/v2\/pages"}],"about":[{"href":"https:\/\/braganza.belovedfilabrasileiro.com\/en\/wp-json\/wp\/v2\/types\/page"}],"author":[{"embeddable":true,"href":"https:\/\/braganza.belovedfilabrasileiro.com\/en\/wp-json\/wp\/v2\/users\/1"}],"replies":[{"embeddable":true,"href":"https:\/\/braganza.belovedfilabrasileiro.com\/en\/wp-json\/wp\/v2\/comments?post=2289"}],"version-history":[{"count":113,"href":"https:\/\/braganza.belovedfilabrasileiro.com\/en\/wp-json\/wp\/v2\/pages\/2289\/revisions"}],"predecessor-version":[{"id":3904,"href":"https:\/\/braganza.belovedfilabrasileiro.com\/en\/wp-json\/wp\/v2\/pages\/2289\/revisions\/3904"}],"up":[{"embeddable":true,"href":"https:\/\/braganza.belovedfilabrasileiro.com\/en\/wp-json\/wp\/v2\/pages\/43"}],"wp:featuredmedia":[{"embeddable":true,"href":"https:\/\/braganza.belovedfilabrasileiro.com\/en\/wp-json\/wp\/v2\/media\/3446"}],"wp:attachment":[{"href":"https:\/\/braganza.belovedfilabrasileiro.com\/en\/wp-json\/wp\/v2\/media?parent=2289"}],"curies":[{"name":"wp","href":"https:\/\/api.w.org\/{rel}","templated":true}]}}