{"id":116,"date":"2022-12-21T09:49:08","date_gmt":"2022-12-21T09:49:08","guid":{"rendered":"https:\/\/braganza.belovedfilabrasileiro.com\/?page_id=116"},"modified":"2024-07-10T12:16:37","modified_gmt":"2024-07-10T10:16:37","slug":"filabrasileirokanok","status":"publish","type":"page","link":"https:\/\/braganza.belovedfilabrasileiro.com\/en\/filaim\/filabrasileirokanok\/","title":{"rendered":"Fila Brasileiro males"},"content":{"rendered":"<div data-elementor-type=\"wp-page\" data-elementor-id=\"116\" class=\"elementor elementor-116\" data-elementor-post-type=\"page\">\n\t\t\t\t\t\t<section class=\"elementor-section elementor-top-section elementor-element elementor-element-3e51130 elementor-section-boxed elementor-section-height-default elementor-section-height-default\" data-id=\"3e51130\" data-element_type=\"section\" data-e-type=\"section\">\n\t\t\t\t\t\t<div class=\"elementor-container elementor-column-gap-default\">\n\t\t\t\t\t<div class=\"elementor-column elementor-col-100 elementor-top-column elementor-element elementor-element-f53f97c\" data-id=\"f53f97c\" data-element_type=\"column\" data-e-type=\"column\">\n\t\t\t<div class=\"elementor-widget-wrap elementor-element-populated\">\n\t\t\t\t\t\t<div class=\"elementor-element elementor-element-eab2c04 elementor-widget elementor-widget-heading\" data-id=\"eab2c04\" data-element_type=\"widget\" data-e-type=\"widget\" data-widget_type=\"heading.default\">\n\t\t\t\t<div class=\"elementor-widget-container\">\n\t\t\t\t\t<h1 class=\"elementor-heading-title elementor-size-xl\">MALES<\/h1>\t\t\t\t<\/div>\n\t\t\t\t<\/div>\n\t\t\t\t\t<\/div>\n\t\t<\/div>\n\t\t\t\t\t<\/div>\n\t\t<\/section>\n\t\t\t\t<section class=\"elementor-section elementor-top-section elementor-element elementor-element-5f456bc elementor-reverse-tablet elementor-reverse-mobile elementor-section-boxed elementor-section-height-default elementor-section-height-default\" data-id=\"5f456bc\" data-element_type=\"section\" data-e-type=\"section\">\n\t\t\t\t\t\t<div class=\"elementor-container elementor-column-gap-default\">\n\t\t\t\t\t<div class=\"elementor-column elementor-col-50 elementor-top-column elementor-element elementor-element-8d1f752\" data-id=\"8d1f752\" data-element_type=\"column\" data-e-type=\"column\">\n\t\t\t<div class=\"elementor-widget-wrap elementor-element-populated\">\n\t\t\t\t\t\t<div class=\"elementor-element elementor-element-a8f8674 elementor-widget elementor-widget-heading\" data-id=\"a8f8674\" data-element_type=\"widget\" data-e-type=\"widget\" data-settings=\"{&quot;_animation&quot;:&quot;none&quot;}\" data-widget_type=\"heading.default\">\n\t\t\t\t<div class=\"elementor-widget-container\">\n\t\t\t\t\t<h2 class=\"elementor-heading-title elementor-size-large\">Caramburu de Braganza do Hungaro<\/h2>\t\t\t\t<\/div>\n\t\t\t\t<\/div>\n\t\t\t\t<div class=\"elementor-element elementor-element-cfe5b5d elementor-widget elementor-widget-text-editor\" data-id=\"cfe5b5d\" data-element_type=\"widget\" data-e-type=\"widget\" data-widget_type=\"text-editor.default\">\n\t\t\t\t<div class=\"elementor-widget-container\">\n\t\t\t\t\t\t\t\t\t<p>Sire: <strong>Gaucho II da Serra de Itanhandu<\/strong><br \/>Dam: <strong>Sita Harakan<\/strong><br \/><em>Results:<\/em> Hungarian Junior Champion, 3 X Hungarian Prima Junior, 3 X Best of Breed<\/p>\t\t\t\t\t\t\t\t<\/div>\n\t\t\t\t<\/div>\n\t\t\t\t\t<\/div>\n\t\t<\/div>\n\t\t\t\t<div class=\"elementor-column elementor-col-50 elementor-top-column elementor-element elementor-element-2f50deb\" data-id=\"2f50deb\" data-element_type=\"column\" data-e-type=\"column\">\n\t\t\t<div class=\"elementor-widget-wrap elementor-element-populated\">\n\t\t\t\t\t\t<div class=\"elementor-element elementor-element-39a4bfa elementor-widget elementor-widget-image\" data-id=\"39a4bfa\" data-element_type=\"widget\" data-e-type=\"widget\" data-widget_type=\"image.default\">\n\t\t\t\t<div class=\"elementor-widget-container\">\n\t\t\t\t\t\t\t\t\t\t\t\t\t\t\t<img fetchpriority=\"high\" decoding=\"async\" width=\"1024\" height=\"576\" src=\"https:\/\/braganza.belovedfilabrasileiro.com\/wp-content\/uploads\/2023\/01\/Caramburu1-1024x576.jpg\" class=\"attachment-large size-large wp-image-246\" alt=\"\" srcset=\"https:\/\/braganza.belovedfilabrasileiro.com\/wp-content\/uploads\/2023\/01\/Caramburu1-1024x576.jpg 1024w, https:\/\/braganza.belovedfilabrasileiro.com\/wp-content\/uploads\/2023\/01\/Caramburu1-300x169.jpg 300w, https:\/\/braganza.belovedfilabrasileiro.com\/wp-content\/uploads\/2023\/01\/Caramburu1-768x432.jpg 768w, https:\/\/braganza.belovedfilabrasileiro.com\/wp-content\/uploads\/2023\/01\/Caramburu1-1536x864.jpg 1536w, https:\/\/braganza.belovedfilabrasileiro.com\/wp-content\/uploads\/2023\/01\/Caramburu1.jpg 1920w\" sizes=\"(max-width: 1024px) 100vw, 1024px\" \/>\t\t\t\t\t\t\t\t\t\t\t\t\t\t\t<\/div>\n\t\t\t\t<\/div>\n\t\t\t\t\t<\/div>\n\t\t<\/div>\n\t\t\t\t\t<\/div>\n\t\t<\/section>\n\t\t\t\t<section class=\"elementor-section elementor-top-section elementor-element elementor-element-bb8b170 elementor-section-boxed elementor-section-height-default elementor-section-height-default\" data-id=\"bb8b170\" data-element_type=\"section\" data-e-type=\"section\">\n\t\t\t\t\t\t<div class=\"elementor-container elementor-column-gap-default\">\n\t\t\t\t\t<div class=\"elementor-column elementor-col-50 elementor-top-column elementor-element elementor-element-d09f9c3\" data-id=\"d09f9c3\" data-element_type=\"column\" data-e-type=\"column\">\n\t\t\t<div class=\"elementor-widget-wrap elementor-element-populated\">\n\t\t\t\t\t\t<div class=\"elementor-element elementor-element-0f39205 elementor-widget elementor-widget-image\" data-id=\"0f39205\" data-element_type=\"widget\" data-e-type=\"widget\" data-widget_type=\"image.default\">\n\t\t\t\t<div class=\"elementor-widget-container\">\n\t\t\t\t\t\t\t\t\t\t\t\t\t\t\t<img decoding=\"async\" width=\"1024\" height=\"576\" src=\"https:\/\/braganza.belovedfilabrasileiro.com\/wp-content\/uploads\/2023\/01\/Dino3-1024x576.jpg\" class=\"attachment-large size-large wp-image-275\" alt=\"\" srcset=\"https:\/\/braganza.belovedfilabrasileiro.com\/wp-content\/uploads\/2023\/01\/Dino3-1024x576.jpg 1024w, https:\/\/braganza.belovedfilabrasileiro.com\/wp-content\/uploads\/2023\/01\/Dino3-300x169.jpg 300w, https:\/\/braganza.belovedfilabrasileiro.com\/wp-content\/uploads\/2023\/01\/Dino3-768x432.jpg 768w, https:\/\/braganza.belovedfilabrasileiro.com\/wp-content\/uploads\/2023\/01\/Dino3-1536x864.jpg 1536w, https:\/\/braganza.belovedfilabrasileiro.com\/wp-content\/uploads\/2023\/01\/Dino3.jpg 1920w\" sizes=\"(max-width: 1024px) 100vw, 1024px\" \/>\t\t\t\t\t\t\t\t\t\t\t\t\t\t\t<\/div>\n\t\t\t\t<\/div>\n\t\t\t\t\t<\/div>\n\t\t<\/div>\n\t\t\t\t<div class=\"elementor-column elementor-col-50 elementor-top-column elementor-element elementor-element-b98887a\" data-id=\"b98887a\" data-element_type=\"column\" data-e-type=\"column\">\n\t\t\t<div class=\"elementor-widget-wrap elementor-element-populated\">\n\t\t\t\t\t\t<div class=\"elementor-element elementor-element-e26d414 elementor-widget elementor-widget-heading\" data-id=\"e26d414\" data-element_type=\"widget\" data-e-type=\"widget\" data-settings=\"{&quot;_animation&quot;:&quot;none&quot;,&quot;_animation_delay&quot;:0}\" data-widget_type=\"heading.default\">\n\t\t\t\t<div class=\"elementor-widget-container\">\n\t\t\t\t\t<h2 class=\"elementor-heading-title elementor-size-large\">Barbacana de Braganza do Hungaro<\/h2>\t\t\t\t<\/div>\n\t\t\t\t<\/div>\n\t\t\t\t<div class=\"elementor-element elementor-element-74f3deb elementor-widget elementor-widget-text-editor\" data-id=\"74f3deb\" data-element_type=\"widget\" data-e-type=\"widget\" data-widget_type=\"text-editor.default\">\n\t\t\t\t<div class=\"elementor-widget-container\">\n\t\t\t\t\t\t\t\t\t<p>Sire: <strong>Glatisant&#8217;s Tor Le Fise<\/strong><br \/>Dam: <strong>Sita Harakan<\/strong><br \/><em>Results:<\/em> Champion of Champions Puppy I., Baby BIS II., 3 X Hungaria Prima Junior, Hungarian Junior Champion, Dog of pair III. (with Rumba), Successor group I. (with Rumba and Tor), 2 X CAC, Hungarian Best of breed, Young National Champion II. 10'\u00a0<\/p>\t\t\t\t\t\t\t\t<\/div>\n\t\t\t\t<\/div>\n\t\t\t\t\t<\/div>\n\t\t<\/div>\n\t\t\t\t\t<\/div>\n\t\t<\/section>\n\t\t\t\t<section class=\"elementor-section elementor-top-section elementor-element elementor-element-7afc07b elementor-reverse-tablet elementor-reverse-mobile elementor-section-boxed elementor-section-height-default elementor-section-height-default\" data-id=\"7afc07b\" data-element_type=\"section\" data-e-type=\"section\">\n\t\t\t\t\t\t<div class=\"elementor-container elementor-column-gap-default\">\n\t\t\t\t\t<div class=\"elementor-column elementor-col-50 elementor-top-column elementor-element elementor-element-88fead3\" data-id=\"88fead3\" data-element_type=\"column\" data-e-type=\"column\">\n\t\t\t<div class=\"elementor-widget-wrap elementor-element-populated\">\n\t\t\t\t\t\t<div class=\"elementor-element elementor-element-249258c elementor-widget elementor-widget-heading\" data-id=\"249258c\" data-element_type=\"widget\" data-e-type=\"widget\" data-settings=\"{&quot;_animation&quot;:&quot;none&quot;}\" data-widget_type=\"heading.default\">\n\t\t\t\t<div class=\"elementor-widget-container\">\n\t\t\t\t\t<h2 class=\"elementor-heading-title elementor-size-large\">Glatisant's Tor Le Fise<\/h2>\t\t\t\t<\/div>\n\t\t\t\t<\/div>\n\t\t\t\t<div class=\"elementor-element elementor-element-e6878e9 elementor-widget elementor-widget-text-editor\" data-id=\"e6878e9\" data-element_type=\"widget\" data-e-type=\"widget\" data-widget_type=\"text-editor.default\">\n\t\t\t\t<div class=\"elementor-widget-container\">\n\t\t\t\t\t\t\t\t\t<p>Sire: <strong>Fejedelmi \u0150riz\u0151 Castellano Fise<\/strong><br \/>Dam: <strong>Bomba do Submundo<\/strong><br \/><em>Results:<\/em> Hungarian Prima Junor, 21XCAC, 3XCACIB, 3XR.CACIB, ClubWinner 04\u2032, National Champion 04\u2032, Winner of Year 04\u2032, Clubstar 7 04\u2032, Hungarian Champion, Hungarian Show Champion, Hungarian Grand Champion, 11X Hungarian Best of Breed, chCACA, Vice European Winner 08\u2032, Veteran European Winner 10\u2032, Veteran Best in Show I., Veteran Clubwinner 10\u2032, Veteran Best in Show II., Successor group I. (with Rumba and Dino), Hungarian Veteran Champion, National Champion II., 10\u2032<\/p>\t\t\t\t\t\t\t\t<\/div>\n\t\t\t\t<\/div>\n\t\t\t\t<div class=\"elementor-element elementor-element-1376acd elementor-widget elementor-widget-heading\" data-id=\"1376acd\" data-element_type=\"widget\" data-e-type=\"widget\" data-widget_type=\"heading.default\">\n\t\t\t\t<div class=\"elementor-widget-container\">\n\t\t\t\t\t<h2 class=\"elementor-heading-title elementor-size-small\">Hip dysplasia Free<\/h2>\t\t\t\t<\/div>\n\t\t\t\t<\/div>\n\t\t\t\t\t<\/div>\n\t\t<\/div>\n\t\t\t\t<div class=\"elementor-column elementor-col-50 elementor-top-column elementor-element elementor-element-507e2a1\" data-id=\"507e2a1\" data-element_type=\"column\" data-e-type=\"column\">\n\t\t\t<div class=\"elementor-widget-wrap elementor-element-populated\">\n\t\t\t\t\t\t<div class=\"elementor-element elementor-element-951e6d7 elementor-widget elementor-widget-image\" data-id=\"951e6d7\" data-element_type=\"widget\" data-e-type=\"widget\" data-widget_type=\"image.default\">\n\t\t\t\t<div class=\"elementor-widget-container\">\n\t\t\t\t\t\t\t\t\t\t\t\t\t\t\t<img decoding=\"async\" width=\"1024\" height=\"576\" src=\"https:\/\/braganza.belovedfilabrasileiro.com\/wp-content\/uploads\/2023\/01\/Tor4-1024x576.jpg\" class=\"attachment-large size-large wp-image-284\" alt=\"\" srcset=\"https:\/\/braganza.belovedfilabrasileiro.com\/wp-content\/uploads\/2023\/01\/Tor4-1024x576.jpg 1024w, https:\/\/braganza.belovedfilabrasileiro.com\/wp-content\/uploads\/2023\/01\/Tor4-300x169.jpg 300w, https:\/\/braganza.belovedfilabrasileiro.com\/wp-content\/uploads\/2023\/01\/Tor4-768x432.jpg 768w, https:\/\/braganza.belovedfilabrasileiro.com\/wp-content\/uploads\/2023\/01\/Tor4-1536x864.jpg 1536w, https:\/\/braganza.belovedfilabrasileiro.com\/wp-content\/uploads\/2023\/01\/Tor4.jpg 1920w\" sizes=\"(max-width: 1024px) 100vw, 1024px\" \/>\t\t\t\t\t\t\t\t\t\t\t\t\t\t\t<\/div>\n\t\t\t\t<\/div>\n\t\t\t\t\t<\/div>\n\t\t<\/div>\n\t\t\t\t\t<\/div>\n\t\t<\/section>\n\t\t\t\t<\/div>","protected":false},"excerpt":{"rendered":"<p>KANOK Caramburu de Braganza do Hungaro Apja: Gaucho II da Serra de Itanhandu Anyja: Sita Harakan Eredm\u00e9nyei: Hungaria Junior Champion, 3 X Hung\u00e1ria Prima Junior, 3 X Fajtagy\u0151ztes Barbacana de Braganza do Hungaro Apja: Glatisant&#8217;s Tor Le Fise Anyja: Sita Harakan Eredm\u00e9nyei: Champion of Champions k\u00f6ly\u00f6k I., Baby BIS II., 3 x Hung\u00e1ria Prima Junior, [&hellip;]<\/p>\n","protected":false},"author":1,"featured_media":1179,"parent":51,"menu_order":0,"comment_status":"closed","ping_status":"closed","template":"elementor_header_footer","meta":{"_seopress_robots_primary_cat":"","_seopress_titles_title":"","_seopress_titles_desc":"","_seopress_robots_index":"","site-sidebar-layout":"no-sidebar","site-content-layout":"page-builder","ast-site-content-layout":"default","site-content-style":"default","site-sidebar-style":"default","ast-global-header-display":"","ast-banner-title-visibility":"","ast-main-header-display":"","ast-hfb-above-header-display":"","ast-hfb-below-header-display":"","ast-hfb-mobile-header-display":"","site-post-title":"disabled","ast-breadcrumbs-content":"","ast-featured-img":"disabled","footer-sml-layout":"","ast-disable-related-posts":"","theme-transparent-header-meta":"","adv-header-id-meta":"","stick-header-meta":"","header-above-stick-meta":"","header-main-stick-meta":"","header-below-stick-meta":"","astra-migrate-meta-layouts":"default","ast-page-background-enabled":"default","ast-page-background-meta":{"desktop":{"background-color":"var(--ast-global-color-4)","background-image":"","background-repeat":"repeat","background-position":"center center","background-size":"auto","background-attachment":"scroll","background-type":"","background-media":"","overlay-type":"","overlay-color":"","overlay-opacity":"","overlay-gradient":""},"tablet":{"background-color":"","background-image":"","background-repeat":"repeat","background-position":"center center","background-size":"auto","background-attachment":"scroll","background-type":"","background-media":"","overlay-type":"","overlay-color":"","overlay-opacity":"","overlay-gradient":""},"mobile":{"background-color":"","background-image":"","background-repeat":"repeat","background-position":"center center","background-size":"auto","background-attachment":"scroll","background-type":"","background-media":"","overlay-type":"","overlay-color":"","overlay-opacity":"","overlay-gradient":""}},"ast-content-background-meta":{"desktop":{"background-color":"var(--ast-global-color-5)","background-image":"","background-repeat":"repeat","background-position":"center center","background-size":"auto","background-attachment":"scroll","background-type":"","background-media":"","overlay-type":"","overlay-color":"","overlay-opacity":"","overlay-gradient":""},"tablet":{"background-color":"var(--ast-global-color-5)","background-image":"","background-repeat":"repeat","background-position":"center center","background-size":"auto","background-attachment":"scroll","background-type":"","background-media":"","overlay-type":"","overlay-color":"","overlay-opacity":"","overlay-gradient":""},"mobile":{"background-color":"var(--ast-global-color-5)","background-image":"","background-repeat":"repeat","background-position":"center center","background-size":"auto","background-attachment":"scroll","background-type":"","background-media":"","overlay-type":"","overlay-color":"","overlay-opacity":"","overlay-gradient":""}},"footnotes":""},"class_list":["post-116","page","type-page","status-publish","has-post-thumbnail","hentry"],"_links":{"self":[{"href":"https:\/\/braganza.belovedfilabrasileiro.com\/en\/wp-json\/wp\/v2\/pages\/116","targetHints":{"allow":["GET"]}}],"collection":[{"href":"https:\/\/braganza.belovedfilabrasileiro.com\/en\/wp-json\/wp\/v2\/pages"}],"about":[{"href":"https:\/\/braganza.belovedfilabrasileiro.com\/en\/wp-json\/wp\/v2\/types\/page"}],"author":[{"embeddable":true,"href":"https:\/\/braganza.belovedfilabrasileiro.com\/en\/wp-json\/wp\/v2\/users\/1"}],"replies":[{"embeddable":true,"href":"https:\/\/braganza.belovedfilabrasileiro.com\/en\/wp-json\/wp\/v2\/comments?post=116"}],"version-history":[{"count":231,"href":"https:\/\/braganza.belovedfilabrasileiro.com\/en\/wp-json\/wp\/v2\/pages\/116\/revisions"}],"predecessor-version":[{"id":3902,"href":"https:\/\/braganza.belovedfilabrasileiro.com\/en\/wp-json\/wp\/v2\/pages\/116\/revisions\/3902"}],"up":[{"embeddable":true,"href":"https:\/\/braganza.belovedfilabrasileiro.com\/en\/wp-json\/wp\/v2\/pages\/51"}],"wp:featuredmedia":[{"embeddable":true,"href":"https:\/\/braganza.belovedfilabrasileiro.com\/en\/wp-json\/wp\/v2\/media\/1179"}],"wp:attachment":[{"href":"https:\/\/braganza.belovedfilabrasileiro.com\/en\/wp-json\/wp\/v2\/media?parent=116"}],"curies":[{"name":"wp","href":"https:\/\/api.w.org\/{rel}","templated":true}]}}